{"id":6060,"date":"2016-10-21T12:52:45","date_gmt":"2016-10-21T11:52:45","guid":{"rendered":"https:\/\/holisea.org\/?page_id=6060"},"modified":"2026-04-01T17:35:05","modified_gmt":"2026-04-01T16:35:05","slug":"contact","status":"publish","type":"page","link":"https:\/\/holisea.org\/ca\/contact\/","title":{"rendered":"Contact"},"content":{"rendered":"<div class=\"wpb-content-wrapper\"><p>[vc_row type=&#8221;full-width&#8221; el_position=&#8221;first&#8221;][vc_column offset=&#8221;vc_hidden-xs&#8221;][vc_raw_html css=&#8221;&#8221;]JTNDaWZyYW1lJTIwJTBEJTBBJTIwJTIwc3JjJTNEJTIyaHR0cHMlM0ElMkYlMkZ3d3cuZ29vZ2xlLmNvbSUyRm1hcHMlMkZlbWJlZCUzRnBiJTNEJTIxMW0xOCUyMTFtMTIlMjExbTMlMjExZDI5NDEuMzA4MDA4NjI3MDMzJTIxMmQxLjUyNzc0OTc3Njc0NTU2JTIxM2Q0Mi41MDYyNjIwNzExNzk2NSUyMTJtMyUyMTFmMCUyMTJmMCUyMTNmMCUyMTNtMiUyMTFpMTAyNCUyMTJpNzY4JTIxNGYxMy4xJTIxM20zJTIxMW0yJTIxMXMweDEyYTU4YjAwMjM4NTkyYTMlMjUzQTB4Mjk0YTU1N2JiZGFhZjU0OCUyMTJzSG9saXMlMjVDMyUyNUE5YSUyNTIwQW5kb3JyYSUyMTVlMCUyMTNtMiUyMTFzZnIlMjEyc2FkJTIxNHYxNzc1MDU2NjExNTc1JTIxNW0yJTIxMXNmciUyMTJzYWQlMjIlMjAlMEQlMEElMjAlMjB3aWR0aCUzRCUyMjEwMCUyNSUyMiUyMCUwRCUwQSUyMCUyMGhlaWdodCUzRCUyMjYwMCUyMiUyMCUwRCUwQSUyMCUyMHN0eWxlJTNEJTIyYm9yZGVyJTNBMCUzQiUyMGRpc3BsYXklM0FibG9jayUzQiUyMiUyMCUwRCUwQSUyMCUyMGFsbG93ZnVsbHNjcmVlbiUzRCUyMiUyMiUyMCUwRCUwQSUyMCUyMGxvYWRpbmclM0QlMjJsYXp5JTIyJTIwJTBEJTBBJTIwJTIwcmVmZXJyZXJwb2xpY3klM0QlMjJuby1yZWZlcnJlci13aGVuLWRvd25ncmFkZSUyMiUzRSUwRCUwQSUzQyUyRmlmcmFtZSUzRQ==[\/vc_raw_html][\/vc_column][\/vc_row][vc_row top_margin=&#8221;page-margin-top-section&#8221;][vc_column width=&#8221;1\/3&#8243;]<ul class=\"clearfix mc-features mc-features-large mc-features-style-light\"><li class=\"item-content clearfix\">\r\n\t\t\t\t<span class=\"hexagon animated-element animation-scale\"  title=\"Seu principal\"><span class=\"features-map\"><\/span><\/span><div class=\"text\"><h2><span   title=\"Seu principal\">Seu principal<\/span><\/h2><p>Carrer de la Sardana, 26<br \/>Andorra la Vella, Andorra<\/p>\n<\/div>\r\n\t\t\t<\/li><\/ul>[\/vc_column][vc_column width=&#8221;1\/3&#8243;]<ul class=\"clearfix mc-features mc-features-large mc-features-style-light\"><li class=\"item-content clearfix\">\r\n\t\t\t\t<span class=\"hexagon animated-element animation-scale\"  title=\"Truca avui\"><span class=\"features-phone\"><\/span><\/span><div class=\"text\"><h2><span   title=\"Truca avui\">Truca avui<\/span><\/h2><p>(376) 863-843<\/p>\n<\/div>\r\n\t\t\t<\/li><\/ul>[\/vc_column][vc_column width=&#8221;1\/3&#8243;]<ul class=\"clearfix mc-features mc-features-large mc-features-style-light\"><li class=\"item-content clearfix\">\r\n\t\t\t\t<span class=\"hexagon animated-element animation-scale\"  title=\"Horaris\"><span class=\"features-clock\"><\/span><\/span><div class=\"text\"><h2><span   title=\"Horaris\">Horaris<\/span><\/h2><p>Dilluns &#8211; Divendres: 09.30 &#8211; 19.30<\/p>\n<\/div>\r\n\t\t\t<\/li><\/ul>[\/vc_column][\/vc_row][vc_row top_margin=&#8221;page-margin-top&#8221; el_position=&#8221;last&#8221;][vc_column]<h2 class=\"box-header large align-center\">Contacta'ns per a m\u00e9s informaci\u00f3<\/h2>[vc_column_text css=&#8221;&#8221; el_class=&#8221;large align-center margin-top-20&#8243;]Tamb\u00e9 podeu contactar-nos a <a href=\"mailto:info@holisea.org\">info@holisea.org<\/a>[\/vc_column_text][\/vc_column][\/vc_row][vc_row][\/vc_row][vc_row][vc_column][vc_column_text css=&#8221;&#8221;]<div class=\"frm_forms  with_frm_style frm_style_style-formidable\" id=\"frm_form_1_container\" >\n<form enctype=\"multipart\/form-data\" method=\"post\" class=\"frm-show-form \" id=\"form_contact-form\" >\n<div class=\"frm_form_fields \">\n<fieldset>\n<legend class=\"frm_screen_reader\">Contactez-nous<\/legend>\r\n\r\n<div class=\"frm_fields_container\">\n<input type=\"hidden\" name=\"frm_action\" value=\"create\" \/>\n<input type=\"hidden\" name=\"form_id\" value=\"1\" \/>\n<input type=\"hidden\" name=\"frm_hide_fields_1\" id=\"frm_hide_fields_1\" value=\"\" \/>\n<input type=\"hidden\" name=\"form_key\" value=\"contact-form\" \/>\n<input type=\"hidden\" name=\"item_meta[0]\" value=\"\" \/>\n<input type=\"hidden\" id=\"frm_submit_entry_1\" name=\"frm_submit_entry_1\" value=\"4ec02acd3a\" \/><input type=\"hidden\" name=\"_wp_http_referer\" value=\"\/ca\/wp-json\/wp\/v2\/pages\/6060\" \/><div id=\"frm_field_1_container\" class=\"frm_form_field form-field  frm_required_field frm_top_container frm12 frm_first\">\r\n\t<label for=\"field_qh4icy\" id=\"field_qh4icy_label\" class=\"frm_primary_label\">Nom (name\/nombre)\r\n\t\t<span class=\"frm_required\" aria-hidden=\"true\">*<\/span>\r\n\t<\/label>\r\n\t<input type=\"text\" id=\"field_qh4icy\" name=\"item_meta[1]\" value=\"\"  data-reqmsg=\"Nom (name\/nombre) ne peut pas \u00eatre vide.\" aria-required=\"true\" data-invmsg=\"Nom (name\/nombre) est non valide\" aria-invalid=\"false\"  \/>\r\n\t\r\n\t\r\n<\/div>\n<div id=\"frm_field_3_container\" class=\"frm_form_field form-field  frm_required_field frm_top_container frm6 frm_first\">\r\n\t<label for=\"field_29yf4d\" id=\"field_29yf4d_label\" class=\"frm_primary_label\">Email\r\n\t\t<span class=\"frm_required\" aria-hidden=\"true\">*<\/span>\r\n\t<\/label>\r\n\t<input type=\"email\" id=\"field_29yf4d\" name=\"item_meta[3]\" value=\"\"  data-reqmsg=\"Email ne peut pas \u00eatre vide.\" aria-required=\"true\" data-invmsg=\"Please enter a valid email address\" aria-invalid=\"false\"  \/>\r\n\t\r\n\t\r\n<\/div>\n<div id=\"frm_field_8_container\" class=\"frm_form_field form-field  frm_top_container frm6\">\r\n\t<label for=\"field_24vaj\" id=\"field_24vaj_label\" class=\"frm_primary_label\">T\u00e9l\u00e9phone (phone, tel\u00e9fono)\r\n\t\t<span class=\"frm_required\" aria-hidden=\"true\"><\/span>\r\n\t<\/label>\r\n\t<input type=\"tel\" id=\"field_24vaj\" name=\"item_meta[8]\" value=\"\"  data-invmsg=\"T\u00e9l\u00e9phone (phone, tel\u00e9fono) est non valide\" aria-invalid=\"false\" pattern=\"((\\+\\d{1,3}(-|.| )?\\(?\\d\\)?(-| |.)?\\d{1,5})|(\\(?\\d{2,6}\\)?))(-|.| )?(\\d{3,4})(-|.| )?(\\d{4})(( x| ext)\\d{1,5}){0,1}$\"  \/>\r\n\t\r\n\t\r\n<\/div>\n<div id=\"frm_field_5_container\" class=\"frm_form_field form-field  frm_required_field frm_top_container frm_full\">\r\n\t<label for=\"field_9jv0r1\" id=\"field_9jv0r1_label\" class=\"frm_primary_label\">Message (mensaje)\r\n\t\t<span class=\"frm_required\" aria-hidden=\"true\">*<\/span>\r\n\t<\/label>\r\n\t<textarea name=\"item_meta[5]\" id=\"field_9jv0r1\" rows=\"5\"  data-reqmsg=\"Message (mensaje) ne peut pas \u00eatre vide.\" aria-required=\"true\" data-invmsg=\"Message (mensaje) no \u00e9s v\u00e0lid\" aria-invalid=\"false\"  ><\/textarea>\r\n\t\r\n\t\r\n<\/div>\n<div id=\"frm_field_7_container\" class=\"frm_form_field form-field  frm_none_container\">\r\n\t<label for=\"g-recaptcha-response\" id=\"field_dctu3_label\" class=\"frm_primary_label\">Captcha\r\n\t\t<span class=\"frm_required\" aria-hidden=\"true\"><\/span>\r\n\t<\/label>\r\n\t<div  id=\"field_dctu3\" class=\"frm-g-recaptcha\" data-sitekey=\"6LfDPXcsAAAAAGA_yXf6GI4QNlSisUBdYGRDnXKa\" data-size=\"normal\" data-theme=\"light\"><\/div>\r\n\t\r\n\t\r\n<\/div>\n<div id=\"frm_field_6_container\" class=\"frm_form_field form-field \">\r\n\t<div class=\"frm_submit frm_flex\">\r\n<button class=\"frm_button_submit\" type=\"submit\"  >Envoyer (Send\/Enviar)<\/button>\r\n\r\n\r\n\r\n<\/div>\r\n<\/div>\n\t<input type=\"hidden\" name=\"item_key\" value=\"\" \/>\n\t\t\t<div id=\"frm_field_27_container\">\n\t\t\t<label for=\"field_lzfyf\" >\n\t\t\t\tSi ets hum\u00e0, deixa aquest camp en blanc.\t\t\t<\/label>\n\t\t\t<input  id=\"field_lzfyf\" type=\"text\" class=\"frm_form_field form-field frm_verify\" name=\"item_meta[27]\" value=\"\"  \/>\n\t\t<\/div>\n\t\t<input name=\"frm_state\" type=\"hidden\" value=\"k+GuZoheJlUCP+soV1rnfo2R+sABDPq6ylmI\/quOp9M=\" \/><\/div>\n<\/fieldset>\n<\/div>\n\n<\/form>\n<\/div>\n[\/vc_column_text]<h3 class=\"box-header margin-top-92\">Parlem-ne junts<\/h3>[\/vc_column][\/vc_row][vc_row][vc_column]<h2 class=\"box-header large margin-top-30 no-border\">Reserveu la vostra consulta de descoberta gratu\u00efta!<\/h2>[vc_raw_html css=&#8221;&#8221;]JTNDJTIxLS0lMjBEJUMzJUE5YnV0JTIwZGUlMjB3aWRnZXQlMjBlbiUyMGxpZ25lJTIwQ2FsZW5kbHklMjAtLSUzRSUwRCUwQSUzQ2RpdiUyMGNsYXNzJTNEJTIyY2FsZW5kbHktaW5saW5lLXdpZGdldCUyMiUyMGRhdGEtdXJsJTNEJTIyaHR0cHMlM0ElMkYlMkZjYWxlbmRseS5jb20lMkZob2xpc2VhdGVhbSUyRjMwbWluJTNGcHJpbWFyeV9jb2xvciUzRDI2MzE0ZiUyMiUyMHN0eWxlJTNEJTIybWluLXdpZHRoJTNBMzIwcHglM0JoZWlnaHQlM0E3MDBweCUzQiUyMiUzRSUzQyUyRmRpdiUzRSUwRCUwQSUzQ3NjcmlwdCUyMHR5cGUlM0QlMjJ0ZXh0JTJGamF2YXNjcmlwdCUyMiUyMHNyYyUzRCUyMmh0dHBzJTNBJTJGJTJGYXNzZXRzLmNhbGVuZGx5LmNvbSUyRmFzc2V0cyUyRmV4dGVybmFsJTJGd2lkZ2V0LmpzJTIyJTIwYXN5bmMlM0UlM0MlMkZzY3JpcHQlM0UlMEQlMEElM0MlMjEtLSUyMEZpbiUyMGRlJTIwd2lkZ2V0JTIwZW4lMjBsaWduZSUyMENhbGVuZGx5JTIwLS0lM0U=[\/vc_raw_html][\/vc_column][\/vc_row]<\/p>\n<\/div>","protected":false},"excerpt":{"rendered":"<p>[vc_row type=&#8221;full-width&#8221; el_position=&#8221;first&#8221;][vc_column offset=&#8221;vc_hidden-xs&#8221;][vc_raw_html css=&#8221;&#8221;]JTNDaWZyYW1lJTIwJTBEJTBBJTIwJTIwc3JjJTNEJTIyaHR0cHMlM0ElMkYlMkZ3d3cuZ29vZ2xlLmNvbSUyRm1hcHMlMkZlbWJlZCUzRnBiJTNEJTIxMW0xOCUyMTFtMTIlMjExbTMlMjExZDI5NDEuMzA4MDA4NjI3MDMzJTIxMmQxLjUyNzc0OTc3Njc0NTU2JTIxM2Q0Mi41MDYyNjIwNzExNzk2NSUyMTJtMyUyMTFmMCUyMTJmMCUyMTNmMCUyMTNtMiUyMTFpMTAyNCUyMTJpNzY4JTIxNGYxMy4xJTIxM20zJTIxMW0yJTIxMXMweDEyYTU4YjAwMjM4NTkyYTMlMjUzQTB4Mjk0YTU1N2JiZGFhZjU0OCUyMTJzSG9saXMlMjVDMyUyNUE5YSUyNTIwQW5kb3JyYSUyMTVlMCUyMTNtMiUyMTFzZnIlMjEyc2FkJTIxNHYxNzc1MDU2NjExNTc1JTIxNW0yJTIxMXNmciUyMTJzYWQlMjIlMjAlMEQlMEElMjAlMjB3aWR0aCUzRCUyMjEwMCUyNSUyMiUyMCUwRCUwQSUyMCUyMGhlaWdodCUzRCUyMjYwMCUyMiUyMCUwRCUwQSUyMCUyMHN0eWxlJTNEJTIyYm9yZGVyJTNBMCUzQiUyMGRpc3BsYXklM0FibG9jayUzQiUyMiUyMCUwRCUwQSUyMCUyMGFsbG93ZnVsbHNjcmVlbiUzRCUyMiUyMiUyMCUwRCUwQSUyMCUyMGxvYWRpbmclM0QlMjJsYXp5JTIyJTIwJTBEJTBBJTIwJTIwcmVmZXJyZXJwb2xpY3klM0QlMjJuby1yZWZlcnJlci13aGVuLWRvd25ncmFkZSUyMiUzRSUwRCUwQSUzQyUyRmlmcmFtZSUzRQ==[\/vc_raw_html][\/vc_column][\/vc_row][vc_row top_margin=&#8221;page-margin-top-section&#8221;][vc_column width=&#8221;1\/3&#8243;][\/vc_column][vc_column width=&#8221;1\/3&#8243;][\/vc_column][vc_column width=&#8221;1\/3&#8243;][\/vc_column][\/vc_row][vc_row top_margin=&#8221;page-margin-top&#8221; el_position=&#8221;last&#8221;][vc_column][vc_column_text css=&#8221;&#8221; el_class=&#8221;large align-center margin-top-20&#8243;]Tamb\u00e9 podeu contactar-nos a info@holisea.org[\/vc_column_text][\/vc_column][\/vc_row][vc_row][\/vc_row][vc_row][vc_column][vc_column_text css=&#8221;&#8221;][\/vc_column_text][\/vc_column][\/vc_row][vc_row][vc_column][vc_raw_html css=&#8221;&#8221;]JTNDJTIxLS0lMjBEJUMzJUE5YnV0JTIwZGUlMjB3aWRnZXQlMjBlbiUyMGxpZ25lJTIwQ2FsZW5kbHklMjAtLSUzRSUwRCUwQSUzQ2RpdiUyMGNsYXNzJTNEJTIyY2FsZW5kbHktaW5saW5lLXdpZGdldCUyMiUyMGRhdGEtdXJsJTNEJTIyaHR0cHMlM0ElMkYlMkZjYWxlbmRseS5jb20lMkZob2xpc2VhdGVhbSUyRjMwbWluJTNGcHJpbWFyeV9jb2xvciUzRDI2MzE0ZiUyMiUyMHN0eWxlJTNEJTIybWluLXdpZHRoJTNBMzIwcHglM0JoZWlnaHQlM0E3MDBweCUzQiUyMiUzRSUzQyUyRmRpdiUzRSUwRCUwQSUzQ3NjcmlwdCUyMHR5cGUlM0QlMjJ0ZXh0JTJGamF2YXNjcmlwdCUyMiUyMHNyYyUzRCUyMmh0dHBzJTNBJTJGJTJGYXNzZXRzLmNhbGVuZGx5LmNvbSUyRmFzc2V0cyUyRmV4dGVybmFsJTJGd2lkZ2V0LmpzJTIyJTIwYXN5bmMlM0UlM0MlMkZzY3JpcHQlM0UlMEQlMEElM0MlMjEtLSUyMEZpbiUyMGRlJTIwd2lkZ2V0JTIwZW4lMjBsaWduZSUyMENhbGVuZGx5JTIwLS0lM0U=[\/vc_raw_html][\/vc_column][\/vc_row]<\/p>\n","protected":false},"author":1,"featured_media":0,"parent":0,"menu_order":0,"comment_status":"closed","ping_status":"closed","template":"template-default-without-breadcrumbs.php","meta":{"footnotes":""},"class_list":["post-6060","page","type-page","status-publish","hentry"],"_links":{"self":[{"href":"https:\/\/holisea.org\/ca\/wp-json\/wp\/v2\/pages\/6060","targetHints":{"allow":["GET"]}}],"collection":[{"href":"https:\/\/holisea.org\/ca\/wp-json\/wp\/v2\/pages"}],"about":[{"href":"https:\/\/holisea.org\/ca\/wp-json\/wp\/v2\/types\/page"}],"author":[{"embeddable":true,"href":"https:\/\/holisea.org\/ca\/wp-json\/wp\/v2\/users\/1"}],"replies":[{"embeddable":true,"href":"https:\/\/holisea.org\/ca\/wp-json\/wp\/v2\/comments?post=6060"}],"version-history":[{"count":14,"href":"https:\/\/holisea.org\/ca\/wp-json\/wp\/v2\/pages\/6060\/revisions"}],"predecessor-version":[{"id":6568,"href":"https:\/\/holisea.org\/ca\/wp-json\/wp\/v2\/pages\/6060\/revisions\/6568"}],"wp:attachment":[{"href":"https:\/\/holisea.org\/ca\/wp-json\/wp\/v2\/media?parent=6060"}],"curies":[{"name":"wp","href":"https:\/\/api.w.org\/{rel}","templated":true}]}}