{"id":6066,"date":"2025-05-30T15:52:53","date_gmt":"2025-05-30T14:52:53","guid":{"rendered":"https:\/\/holisea.org\/?page_id=6066"},"modified":"2026-03-31T17:58:58","modified_gmt":"2026-03-31T16:58:58","slug":"mencions-legals","status":"publish","type":"page","link":"https:\/\/holisea.org\/ca\/mencions-legals\/","title":{"rendered":"Mencions legals"},"content":{"rendered":"<div class=\"wpb-content-wrapper\"><p>[vc_row][vc_column][vc_column_text css=&#8221;&#8221;]<\/p>\n<article class=\"text-token-text-primary w-full focus:outline-none [--shadow-height:45px] has-data-writing-block:pointer-events-none has-data-writing-block:-mt-(--shadow-height) has-data-writing-block:pt-(--shadow-height) [&amp;:has([data-writing-block])&gt;*]:pointer-events-auto scroll-mt-(--header-height)\" dir=\"auto\" tabindex=\"-1\" data-turn-id=\"c8297732-3a3a-48f9-af87-045949fd33cf\" data-testid=\"conversation-turn-159\" data-scroll-anchor=\"false\" data-turn=\"user\">\n<div class=\"text-base my-auto mx-auto pt-12 [--thread-content-margin:--spacing(4)] @w-sm\/main:[--thread-content-margin:--spacing(6)] @w-lg\/main:[--thread-content-margin:--spacing(16)] px-(--thread-content-margin)\">\n<div class=\"[--thread-content-max-width:40rem] @w-lg\/main:[--thread-content-max-width:48rem] mx-auto max-w-(--thread-content-max-width) flex-1 group\/turn-messages focus-visible:outline-hidden relative flex w-full min-w-0 flex-col\" tabindex=\"-1\">\n<div class=\"flex max-w-full flex-col grow\">\n<div class=\"min-h-8 text-message relative flex w-full flex-col items-end gap-2 text-start break-words whitespace-normal [.text-message+&amp;]:mt-1\" dir=\"auto\" data-message-author-role=\"user\" data-message-id=\"c8297732-3a3a-48f9-af87-045949fd33cf\">\n<div class=\"flex w-full flex-col gap-1 empty:hidden items-end rtl:items-start\">\n<div class=\"user-message-bubble-color corner-superellipse\/1.1 relative rounded-[18px] px-4 py-1.5 data-[multiline]:py-3 max-w-[var(--user-chat-width,70%)]\" data-multiline=\"\">\n<div class=\"whitespace-pre-wrap\"><strong data-start=\"0\" data-end=\"26\">Propietat del lloc web<\/strong><\/div>\n<\/div>\n<\/div>\n<\/div>\n<\/div>\n<\/div>\n<\/div>\n<\/article>\n<article class=\"text-token-text-primary w-full focus:outline-none [--shadow-height:45px] has-data-writing-block:pointer-events-none has-data-writing-block:-mt-(--shadow-height) has-data-writing-block:pt-(--shadow-height) [&amp;:has([data-writing-block])&gt;*]:pointer-events-auto scroll-mt-[calc(var(--header-height)+min(200px,max(70px,20svh)))]\" dir=\"auto\" tabindex=\"-1\" data-turn-id=\"request-WEB:28610c03-1bf1-4bbe-b0bd-ac466c2e6f2d-79\" data-testid=\"conversation-turn-160\" data-scroll-anchor=\"true\" data-turn=\"assistant\">\n<div class=\"text-base my-auto mx-auto pb-10 [--thread-content-margin:--spacing(4)] @w-sm\/main:[--thread-content-margin:--spacing(6)] @w-lg\/main:[--thread-content-margin:--spacing(16)] px-(--thread-content-margin)\">\n<div class=\"[--thread-content-max-width:40rem] @w-lg\/main:[--thread-content-max-width:48rem] mx-auto max-w-(--thread-content-max-width) flex-1 group\/turn-messages focus-visible:outline-hidden relative flex w-full min-w-0 flex-col agent-turn\" tabindex=\"-1\">\n<div class=\"flex max-w-full flex-col grow\">\n<div class=\"min-h-8 text-message relative flex w-full flex-col items-end gap-2 text-start break-words whitespace-normal [.text-message+&amp;]:mt-1\" dir=\"auto\" data-message-author-role=\"assistant\" data-message-id=\"62e0768e-76c8-483e-91af-d91bb1859ca9\" data-message-model-slug=\"gpt-5-mini\">\n<div class=\"flex w-full flex-col gap-1 empty:hidden first:pt-[1px]\">\n<div class=\"markdown prose dark:prose-invert w-full wrap-break-word light markdown-new-styling\">\n<p data-start=\"30\" data-end=\"114\">El lloc web holisea.org \u00e9s propietat de Holisea SL, amb n\u00famero d\u2019inscripci\u00f3 L-717972-Z.<\/p>\n<p data-start=\"116\" data-end=\"223\"><strong data-start=\"116\" data-end=\"131\">Seu social:<\/strong> Carrer de la Sardana, 26 \u2013 AD500 Andorra la Vella \u2013 Andorra<br data-start=\"191\" data-end=\"194\" \/><strong data-start=\"194\" data-end=\"204\">Email:<\/strong> <a class=\"decorated-link cursor-pointer\" rel=\"noopener\" data-start=\"205\" data-end=\"221\">info@holisea.org<\/a><\/p>\n<p data-start=\"225\" data-end=\"255\"><strong data-start=\"225\" data-end=\"253\">Allotjament del lloc web<\/strong><\/p>\n<p data-start=\"257\" data-end=\"374\">L\u2019empresa Infomaniak Network SA, registrada al registre de comer\u00e7 del cant\u00f3 de Ginebra amb el n\u00ba CH-660.0.059.996-1<\/p>\n<p data-start=\"376\" data-end=\"486\"><strong data-start=\"376\" data-end=\"387\">Adre\u00e7a:<\/strong> Les Acacias, Ginebra, Su\u00efssa<br data-start=\"416\" data-end=\"419\" \/><strong data-start=\"419\" data-end=\"431\">Tel\u00e8fon:<\/strong> +41 22 820 35 41<br data-start=\"448\" data-end=\"451\" \/><strong data-start=\"451\" data-end=\"461\">Email:<\/strong> <a class=\"decorated-link cursor-pointer\" rel=\"noopener\" data-start=\"462\" data-end=\"484\">support@infomaniak.com<\/a><\/p>\n<p data-start=\"488\" data-end=\"528\"><strong data-start=\"488\" data-end=\"526\">Creador \/ Dissenyador del lloc web<\/strong><\/p>\n<p data-start=\"530\" data-end=\"617\">L\u2019empresa Pass Libert\u00e9 SLU, registrada amb el n\u00famero 21038<br data-start=\"588\" data-end=\"591\" \/>Ag\u00e8ncia web Pass Libert\u00e9<\/p>\n<p data-start=\"619\" data-end=\"786\"><strong data-start=\"619\" data-end=\"634\">Seu social:<\/strong> Avinguda Copr\u00edncep de Gaulle 11 \u2013 AD700 Escaldes-Engordany \u2013 Andorra<br data-start=\"703\" data-end=\"706\" \/><strong data-start=\"706\" data-end=\"718\">Tel\u00e8fon:<\/strong> +44 7458 197792 (Whatsapp)<br data-start=\"745\" data-end=\"748\" \/><strong data-start=\"748\" data-end=\"758\">Email:<\/strong> <a class=\"decorated-link cursor-pointer\" rel=\"noopener\" data-start=\"759\" data-end=\"784\">teampassliberte@gmail.com<\/a><\/p>\n<p data-start=\"788\" data-end=\"827\"><strong data-start=\"788\" data-end=\"825\">Continguts i drets de reproducci\u00f3<\/strong><\/p>\n<p data-start=\"829\" data-end=\"1217\">D\u2019acord amb la legislaci\u00f3 vigent, tots els continguts d\u2019aquest lloc (textos, imatges, v\u00eddeos i qualsevol altre mitj\u00e0), excepte indicaci\u00f3 expl\u00edcita contr\u00e0ria, estan protegits per drets d\u2019autor. La reproducci\u00f3, encara que sigui parcial, dels continguts de les p\u00e0gines sense autoritzaci\u00f3 pr\u00e8via de HOLISEA SL est\u00e0 estrictament prohibida.<br data-start=\"1163\" data-end=\"1166\" \/>\u00a9 Copyright HOLISEA SL. Tots els drets reservats.<\/p>\n<p data-start=\"1219\" data-end=\"1243\"><strong data-start=\"1219\" data-end=\"1241\">Protecci\u00f3 de dades<\/strong><\/p>\n<p data-start=\"1245\" data-end=\"1565\">D\u2019acord amb la Llei 15\/2003, de 18 de desembre, relativa a la protecci\u00f3 de dades personals, els usuaris de holisea.org s\u00f3n informats del seg\u00fcent: amb l\u2019objectiu d\u2019oferir un millor servei i facilitar l\u2019\u00fas del lloc, es registren el nombre de p\u00e0gines visitades, visites totals, activitat dels visitants i freq\u00fc\u00e8ncia d\u2019\u00fas.<\/p>\n<p data-start=\"1567\" data-end=\"2255\">A m\u00e9s, el lloc proporciona procediments de registre d\u2019usuaris, contactes, concursos i campanyes de m\u00e0rqueting que recullen dades personals dels usuaris i les incorporen al fitxer CLIENTS gestionat per HOLISEA SL. Si l\u2019usuari participa en aquests procediments, concursos o campanyes, HOLISEA SL conservar\u00e0 les dades personals sol\u00b7licitades i prendr\u00e0 les mesures necess\u00e0ries per evitar alteracions, p\u00e8rdua, tractament o acc\u00e9s no autoritzat, d\u2019acord amb la normativa aplicable. En aquest cas, l\u2019usuari podr\u00e0 exercir els seus drets, inclosos els drets d\u2019acc\u00e9s, rectificaci\u00f3, oposici\u00f3 i supressi\u00f3 de les seves dades personals, aix\u00ed com revocar el consentiment donat per a la cessi\u00f3 de dades.<\/p>\n<p data-start=\"2257\" data-end=\"2599\">D\u2019acord amb la Llei 12\/2013 de 13 de juny, que regula el comer\u00e7 i el comer\u00e7 electr\u00f2nic, i la Llei 35\/2014 de 27 de novembre sobre serveis de confian\u00e7a, aquestes mencions legals indiquen que <a class=\"decorated-link\" href=\"http:\/\/www.holisea.org\/\" target=\"_new\" rel=\"noopener\" data-start=\"2447\" data-end=\"2462\">www.holisea.org<\/a> \u00e9s un domini de HOLISEA SL, amb seu a Carrer de la Sardana, 26, AD500 Andorra la Vella, Andorra, i correu electr\u00f2nic <a class=\"decorated-link cursor-pointer\" rel=\"noopener\" data-start=\"2580\" data-end=\"2596\">info@holisea.org<\/a>.<\/p>\n<p data-start=\"2601\" data-end=\"2639\">Registrada amb el n\u00famero L-717972-Z.<\/p>\n<p data-start=\"2641\" data-end=\"2714\">Per a m\u00e9s informaci\u00f3 o aclariments, podeu contactar a <a class=\"decorated-link cursor-pointer\" rel=\"noopener\" data-start=\"2695\" data-end=\"2711\">info@holisea.org<\/a>.<\/p>\n<p data-start=\"2716\" data-end=\"2737\"><strong data-start=\"2716\" data-end=\"2735\">Acc\u00e9s i usuaris<\/strong><\/p>\n<p data-start=\"2739\" data-end=\"2901\">Qualsevol persona que accedeixi al lloc web <a class=\"decorated-link\" href=\"http:\/\/www.holisea.org\/\" target=\"_new\" rel=\"noopener\" data-start=\"2783\" data-end=\"2798\">www.holisea.org<\/a> rep la condici\u00f3 d\u2019USUARI i accepta totalment, sense cap reserva, totes les PRESENTS CONDICIONS D\u2019\u00daS.<\/p>\n<p data-start=\"2903\" data-end=\"3180\">El servei \u00e9s gratu\u00eft. No obstant aix\u00f2, l\u2019acc\u00e9s a certs serveis del lloc web de HOLISEA SL pot requerir que l\u2019USUARI s\u2019inscrigui a trav\u00e9s del Formulari de subscripci\u00f3 al butllet\u00ed, que estar\u00e0 disponible per a qualsevol persona que desitgi identificar-se com a USUARI REGISTRAT.<\/p>\n<p data-start=\"3182\" data-end=\"3410\">Quan l\u2019USUARI ha d\u2019identificar-se com a USUARI REGISTRAT o proporcionar dades personals per accedir a algun servei del lloc, la recollida i tractament de dades seguiran les disposicions establertes a la Pol\u00edtica de privacitat.<\/p>\n<p data-start=\"3412\" data-end=\"3818\" data-is-last-node=\"\" data-is-only-node=\"\">L\u2019usuari es compromet a utilitzar el lloc web, els seus serveis i continguts respectant la legislaci\u00f3 vigent, la bona fe, les bones pr\u00e0ctiques i l\u2019ordre p\u00fablic. De la mateixa manera, queda estrictament prohibit utilitzar el lloc web amb fins il\u00b7l\u00edcits o que perjudiquin HOLISEA SL, qualsevol empresa del grup o tercers, que puguin d\u2019alguna manera impedir o perjudicar el correcte funcionament del lloc web.<\/p>\n<\/div>\n<\/div>\n<\/div>\n<\/div>\n<\/div>\n<\/div>\n<\/article>\n<p>[\/vc_column_text][\/vc_column][\/vc_row]<\/p>\n<\/div>","protected":false},"excerpt":{"rendered":"<p>[vc_row][vc_column][vc_column_text css=&#8221;&#8221;] Propietat del lloc web El lloc web holisea.org \u00e9s propietat de Holisea SL, amb n\u00famero d\u2019inscripci\u00f3 L-717972-Z. Seu social: Carrer de la Sardana, 26 \u2013 AD500 Andorra la Vella \u2013 AndorraEmail: info@holisea.org Allotjament del lloc web L\u2019empresa Infomaniak Network SA, registrada al registre de comer\u00e7 del cant\u00f3 de Ginebra amb el n\u00ba CH-660.0.059.996-1<\/p>\n","protected":false},"author":1,"featured_media":0,"parent":0,"menu_order":0,"comment_status":"closed","ping_status":"closed","template":"","meta":{"footnotes":""},"class_list":["post-6066","page","type-page","status-publish","hentry"],"_links":{"self":[{"href":"https:\/\/holisea.org\/ca\/wp-json\/wp\/v2\/pages\/6066","targetHints":{"allow":["GET"]}}],"collection":[{"href":"https:\/\/holisea.org\/ca\/wp-json\/wp\/v2\/pages"}],"about":[{"href":"https:\/\/holisea.org\/ca\/wp-json\/wp\/v2\/types\/page"}],"author":[{"embeddable":true,"href":"https:\/\/holisea.org\/ca\/wp-json\/wp\/v2\/users\/1"}],"replies":[{"embeddable":true,"href":"https:\/\/holisea.org\/ca\/wp-json\/wp\/v2\/comments?post=6066"}],"version-history":[{"count":4,"href":"https:\/\/holisea.org\/ca\/wp-json\/wp\/v2\/pages\/6066\/revisions"}],"predecessor-version":[{"id":6451,"href":"https:\/\/holisea.org\/ca\/wp-json\/wp\/v2\/pages\/6066\/revisions\/6451"}],"wp:attachment":[{"href":"https:\/\/holisea.org\/ca\/wp-json\/wp\/v2\/media?parent=6066"}],"curies":[{"name":"wp","href":"https:\/\/api.w.org\/{rel}","templated":true}]}}