{"id":6069,"date":"2013-04-08T10:11:25","date_gmt":"2013-04-08T09:11:25","guid":{"rendered":"https:\/\/holisea.org\/?page_id=6069"},"modified":"2026-03-19T11:45:32","modified_gmt":"2026-03-19T10:45:32","slug":"on-trobar-els-nostres-serveis-i-productes","status":"publish","type":"page","link":"https:\/\/holisea.org\/ca\/on-trobar-els-nostres-serveis-i-productes\/","title":{"rendered":"On trobar els nostres serveis i productes"},"content":{"rendered":"<div class=\"wpb-content-wrapper\"><p>[vc_row][vc_column css=&#8221;.vc_custom_1746794228285{padding-top: 100px !important;}&#8221;][vc_row_inner][vc_column_inner width=&#8221;1\/2&#8243;]<h3 class=\"box-header\">La Xarxa Holis\u00e9a<\/h3><h2 class=\"box-header large margin-top-30 no-border\">Els nostres socis Holis\u00e9a: trobeu un centre a prop de casa vostra<\/h2>[vc_column_text css=&#8221;&#8221; el_class=&#8221;large margin-top-10&#8243;]Voleu provar els beneficis d\u2019un bany OxyVita o descobrir els efectes regeneradors de la sauna japonesa d\u2019infrarojos llargs Vital Dome? Gr\u00e0cies a la nostra xarxa de centres associats, ara \u00e9s f\u00e0cil trobar un establiment equipat a prop de casa vostra.<\/p>\n<p>Els nostres socis s\u00f3n seleccionats pel seu comprom\u00eds amb el benestar, el seu professionalisme i la seva voluntat d\u2019integrar tecnologies d\u2019avantguarda al servei de la salut global.[\/vc_column_text][\/vc_column_inner][vc_column_inner width=&#8221;1\/2&#8243;][vc_single_image image=&#8221;6072&#8243; img_size=&#8221;large&#8221; css_animation=&#8221;fadeIn&#8221; css=&#8221;&#8221; el_class=&#8221;side-image-static&#8221;][\/vc_column_inner][\/vc_row_inner][vc_row_inner][vc_column_inner][vc_column_text css=&#8221;&#8221;]<style>\r\n\t#wpsl-stores .wpsl-store-thumb {height:45px !important; width:45px !important;}\r\n\t#wpsl-stores, #wpsl-direction-details, #wpsl-gmap {height:500px !important;}\r\n\t#wpsl-gmap .wpsl-info-window {max-width:225px !important;}\r\n\t.wpsl-input label, #wpsl-radius label, #wpsl-category label {width:95px;}\r\n\t#wpsl-search-input ,#wpsl-category .wpsl-dropdown {width:180px;}\r\n<\/style>\r\n<div id=\"wpsl-wrap\">\r\n\t<div class=\"wpsl-search wpsl-clearfix wpsl-filter\">\r\n\t\t<div id=\"wpsl-search-wrap\">\r\n\t\t\t<form autocomplete=\"off\">\r\n\t\t\t<div class=\"wpsl-input\">\r\n\t\t\t\t<div><label for=\"wpsl-search-input\">Your location<\/label><\/div>\r\n\t\t\t\t<input id=\"wpsl-search-input\" type=\"text\" value=\"\" name=\"wpsl-search-input\" placeholder=\"\" aria-required=\"true\" \/>\r\n\t\t\t<\/div>\r\n\t\t\t<div class=\"wpsl-select-wrap\">\r\n\t\t\t\t<div id=\"wpsl-radius\">\r\n\t\t\t\t\t<label for=\"wpsl-radius-dropdown\">Radi de cerca<\/label>\r\n\t\t\t\t\t<select id=\"wpsl-radius-dropdown\" class=\"wpsl-dropdown\" name=\"wpsl-radius\">\r\n\t\t\t\t\t\t<option value=\"10\">10 km<\/option><option value=\"25\">25 km<\/option><option selected=\"selected\" value=\"50\">50 km<\/option><option value=\"100\">100 km<\/option><option value=\"200\">200 km<\/option><option value=\"500\">500 km<\/option>\r\n\t\t\t\t\t<\/select>\r\n\t\t\t\t<\/div>\r\n\t\t\t\t<div id=\"wpsl-results\">\r\n\t\t\t\t\t<label for=\"wpsl-results-dropdown\">Results<\/label>\r\n\t\t\t\t\t<select id=\"wpsl-results-dropdown\" class=\"wpsl-dropdown\" name=\"wpsl-results\">\r\n\t\t\t\t\t\t<option selected=\"selected\" value=\"25\">25<\/option><option value=\"50\">50<\/option><option value=\"75\">75<\/option><option value=\"100\">100<\/option>\r\n\t\t\t\t\t<\/select>\r\n\t\t\t\t<\/div>\r\n\t\t\t<\/div>\r\n<div id=\"wpsl-category\">\r\n<label for=\"wpsl-category-list\">Category<\/label>\r\n<select  name='wpsl-category' id='wpsl-category-list' class='wpsl-dropdown'>\n\t<option value='0'>Any<\/option>\n\t<option class=\"level-0\" value=\"58\">Bains OxyVita<\/option>\n\t<option class=\"level-0\" value=\"81\">Eau OxyVita (Kaqun)<\/option>\n\t<option class=\"level-0\" value=\"57\">Vital D\u00f4me<\/option>\n<\/select>\n<\/div>\r\n\t\t\t\t<div class=\"wpsl-search-btn-wrap\"><input id=\"wpsl-search-btn\" type=\"submit\" value=\"Cercar\"><\/div>\r\n\t\t<\/form>\r\n\t\t<\/div>\r\n\t<\/div>\r\n\t<div id=\"wpsl-gmap\" class=\"wpsl-gmap-canvas\"><\/div>\r\n\t<div id=\"wpsl-result-list\">\r\n\t\t<div id=\"wpsl-stores\" >\r\n\t\t\t<ul><\/ul>\r\n\t\t<\/div>\r\n\t\t<div id=\"wpsl-direction-details\">\r\n\t\t\t<ul><\/ul>\r\n\t\t<\/div>\r\n\t<\/div>\r\n<\/div>\r\n[\/vc_column_text][\/vc_column_inner][\/vc_row_inner][\/vc_column][\/vc_row][vc_row top_margin=&#8221;page-margin-top&#8221; el_position=&#8221;last&#8221;][vc_column]<div class=\"announcement clearfix vertical-align-table\">\n\t\t\t\t\t<ul class=\"vertical-align\">\n\t\t\t\t\t\t<li class=\"vertical-align-cell\"><h2>Uneix-te a la xarxa Holis\u00e9a!<\/h2><p>Gaudiu d\u2019una consulta gratu\u00efta amb el nostre equip per saber com integrar la nostra xarxa de socis.<\/p>\n<\/li><li class=\"vertical-align-cell\">\n\t\t\t\t\t\t<a title=\"Consulta gratu\u00efta\" href=\"Contacte\" class=\"more mc-button dark-color medium template-phone-after animated-element animation-slideLeft\">Consulta gratu\u00efta<\/a>\n\t\t\t\t\t<\/li><\/ul>\n\t\t\t<\/div>[\/vc_column][\/vc_row][vc_row top_margin=&#8221;page-margin-top&#8221;][vc_column]<div class=\"clearfix scrolling-controls\">\n\t\t\t<div class=\"header-left\"><h3 class=\"box-header  animation-slide\">Ells en parlen millor que nosaltres!<\/h3><\/div>\n\t\t\t<div class=\"header-right\"><a href=\"#\" id=\"Testimoni_prev\" class=\"scrolling-list-control-left template-arrow-horizontal-3\"><\/a><a href=\"#\" id=\"Testimoni_next\" class=\"scrolling-list-control-right template-arrow-horizontal-3\"><\/a><\/div><\/div><ul class=\"columns full-width horizontal-carousel testimonials Testimoni id-Testimoni autoplay-0 pause_on_hover-1 scroll-1 effect-scroll easing-swing duration-500\"><li class=\"wpb_column vc_column_container vc_col-sm-6 template-quote-2\">\n\t\t\t\t<h3 class=\"sentence\">Venint a Holis\u00e9a, he pogut gaudir d\u2019una acollida c\u00e0lida en un gran professional.isme.<\/h3>\n\t\t\t\t<div class=\"clearfix\"><span class=\"sentence-author\">\u2014 Clara \u2013 usu\u00e0ria OxyVita<\/span><\/div>\n\t\t\t<\/li><li class=\"wpb_column vc_column_container vc_col-sm-6 template-quote-2\">\n\t\t\t\t<h3 class=\"sentence\">El centre Holis\u00e9a \u00e9s un lloc de consulta on se\u2019ns acull molt b\u00e9, tant si veniu com a professional com per a un bany OxyVita.<\/h3>\n\t\t\t\t<div class=\"clearfix\"><span class=\"sentence-author\">\u2014 Judith \u2013 terapeuta a Holis\u00e9a<\/span><\/div>\n\t\t\t<\/li><li class=\"wpb_column vc_column_container vc_col-sm-6 template-quote-2\">\n\t\t\t\t<h3 class=\"sentence\">Escolta i amabilitat en un entorn saludable, elegant i agradable: ho recomano al 100% i hi tornar\u00e9 amb molt de gust.<\/h3>\n\t\t\t\t<div class=\"clearfix\"><span class=\"sentence-author\">\u2014 Christine \u2013 usu\u00e0ria<\/span><\/div>\n\t\t\t<\/li><\/ul>[\/vc_column][\/vc_row][vc_row top_margin=&#8221;page-margin-top-section&#8221;][vc_column]<h2 class=\"box-header large align-center\">Contacteu-nos per a m\u00e9s informaci\u00f3<\/h2>[vc_column_text css=&#8221;&#8221; el_class=&#8221;large align-center margin-top-20&#8243;]Tamb\u00e9 ens podeu contactar via WhatsApp o directament a <a class=\"decorated-link cursor-pointer\" rel=\"noopener\" data-start=\"55\" data-end=\"71\" data-is-last-node=\"\">info@holisea.org<\/a>[\/vc_column_text][vc_column_text css=&#8221;&#8221;]<div class=\"frm_forms  with_frm_style frm_style_style-formidable\" id=\"frm_form_1_container\" >\n<form enctype=\"multipart\/form-data\" method=\"post\" class=\"frm-show-form \" id=\"form_contact-form\" >\n<div class=\"frm_form_fields \">\n<fieldset>\n<legend class=\"frm_screen_reader\">Contactez-nous<\/legend>\r\n\r\n<div class=\"frm_fields_container\">\n<input type=\"hidden\" name=\"frm_action\" value=\"create\" \/>\n<input type=\"hidden\" name=\"form_id\" value=\"1\" \/>\n<input type=\"hidden\" name=\"frm_hide_fields_1\" id=\"frm_hide_fields_1\" value=\"\" \/>\n<input type=\"hidden\" name=\"form_key\" value=\"contact-form\" \/>\n<input type=\"hidden\" name=\"item_meta[0]\" value=\"\" \/>\n<input type=\"hidden\" id=\"frm_submit_entry_1\" name=\"frm_submit_entry_1\" value=\"da10f8c0b9\" \/><input type=\"hidden\" name=\"_wp_http_referer\" value=\"\/ca\/wp-json\/wp\/v2\/pages\/6069\" \/><div id=\"frm_field_1_container\" class=\"frm_form_field form-field  frm_required_field frm_top_container frm12 frm_first\">\r\n\t<label for=\"field_qh4icy\" id=\"field_qh4icy_label\" class=\"frm_primary_label\">Nom (name\/nombre)\r\n\t\t<span class=\"frm_required\" aria-hidden=\"true\">*<\/span>\r\n\t<\/label>\r\n\t<input type=\"text\" id=\"field_qh4icy\" name=\"item_meta[1]\" value=\"\"  data-reqmsg=\"Nom (name\/nombre) ne peut pas \u00eatre vide.\" aria-required=\"true\" data-invmsg=\"Nom (name\/nombre) est non valide\" aria-invalid=\"false\"  \/>\r\n\t\r\n\t\r\n<\/div>\n<div id=\"frm_field_3_container\" class=\"frm_form_field form-field  frm_required_field frm_top_container frm6 frm_first\">\r\n\t<label for=\"field_29yf4d\" id=\"field_29yf4d_label\" class=\"frm_primary_label\">Email\r\n\t\t<span class=\"frm_required\" aria-hidden=\"true\">*<\/span>\r\n\t<\/label>\r\n\t<input type=\"email\" id=\"field_29yf4d\" name=\"item_meta[3]\" value=\"\"  data-reqmsg=\"Email ne peut pas \u00eatre vide.\" aria-required=\"true\" data-invmsg=\"Please enter a valid email address\" aria-invalid=\"false\"  \/>\r\n\t\r\n\t\r\n<\/div>\n<div id=\"frm_field_8_container\" class=\"frm_form_field form-field  frm_top_container frm6\">\r\n\t<label for=\"field_24vaj\" id=\"field_24vaj_label\" class=\"frm_primary_label\">T\u00e9l\u00e9phone (phone, tel\u00e9fono)\r\n\t\t<span class=\"frm_required\" aria-hidden=\"true\"><\/span>\r\n\t<\/label>\r\n\t<input type=\"tel\" id=\"field_24vaj\" name=\"item_meta[8]\" value=\"\"  data-invmsg=\"T\u00e9l\u00e9phone (phone, tel\u00e9fono) est non valide\" aria-invalid=\"false\" pattern=\"((\\+\\d{1,3}(-|.| )?\\(?\\d\\)?(-| |.)?\\d{1,5})|(\\(?\\d{2,6}\\)?))(-|.| )?(\\d{3,4})(-|.| )?(\\d{4})(( x| ext)\\d{1,5}){0,1}$\"  \/>\r\n\t\r\n\t\r\n<\/div>\n<div id=\"frm_field_5_container\" class=\"frm_form_field form-field  frm_required_field frm_top_container frm_full\">\r\n\t<label for=\"field_9jv0r1\" id=\"field_9jv0r1_label\" class=\"frm_primary_label\">Message (mensaje)\r\n\t\t<span class=\"frm_required\" aria-hidden=\"true\">*<\/span>\r\n\t<\/label>\r\n\t<textarea name=\"item_meta[5]\" id=\"field_9jv0r1\" rows=\"5\"  data-reqmsg=\"Message (mensaje) ne peut pas \u00eatre vide.\" aria-required=\"true\" data-invmsg=\"Message (mensaje) no \u00e9s v\u00e0lid\" aria-invalid=\"false\"  ><\/textarea>\r\n\t\r\n\t\r\n<\/div>\n<div id=\"frm_field_7_container\" class=\"frm_form_field form-field  frm_none_container\">\r\n\t<label for=\"g-recaptcha-response\" id=\"field_dctu3_label\" class=\"frm_primary_label\">Captcha\r\n\t\t<span class=\"frm_required\" aria-hidden=\"true\"><\/span>\r\n\t<\/label>\r\n\t<div  id=\"field_dctu3\" class=\"frm-g-recaptcha\" data-sitekey=\"6LfDPXcsAAAAAGA_yXf6GI4QNlSisUBdYGRDnXKa\" data-size=\"normal\" data-theme=\"light\"><\/div>\r\n\t\r\n\t\r\n<\/div>\n<div id=\"frm_field_6_container\" class=\"frm_form_field form-field \">\r\n\t<div class=\"frm_submit frm_flex\">\r\n<button class=\"frm_button_submit\" type=\"submit\"  >Envoyer (Send\/Enviar)<\/button>\r\n\r\n\r\n\r\n<\/div>\r\n<\/div>\n\t<input type=\"hidden\" name=\"item_key\" value=\"\" \/>\n\t\t\t<div id=\"frm_field_27_container\">\n\t\t\t<label for=\"field_l9g0p\" >\n\t\t\t\tSi ets hum\u00e0, deixa aquest camp en blanc.\t\t\t<\/label>\n\t\t\t<input  id=\"field_l9g0p\" type=\"text\" class=\"frm_form_field form-field frm_verify\" name=\"item_meta[27]\" value=\"\"  \/>\n\t\t<\/div>\n\t\t<input name=\"frm_state\" type=\"hidden\" value=\"k+GuZoheJlUCP+soV1rnfo2R+sABDPq6ylmI\/quOp9M=\" \/><\/div>\n<\/fieldset>\n<\/div>\n\n<\/form>\n<\/div>\n[\/vc_column_text][\/vc_column][\/vc_row][vc_row][\/vc_row][vc_row][vc_column][\/vc_column][\/vc_row]<\/p>\n<\/div>","protected":false},"excerpt":{"rendered":"<p>[vc_row][vc_column css=&#8221;.vc_custom_1746794228285{padding-top: 100px !important;}&#8221;][vc_row_inner][vc_column_inner width=&#8221;1\/2&#8243;][vc_column_text css=&#8221;&#8221; el_class=&#8221;large margin-top-10&#8243;]Voleu provar els beneficis d\u2019un bany OxyVita o descobrir els efectes regeneradors de la sauna japonesa d\u2019infrarojos llargs Vital Dome? Gr\u00e0cies a la nostra xarxa de centres associats, ara \u00e9s f\u00e0cil trobar un establiment equipat a prop de casa vostra. Els nostres socis s\u00f3n seleccionats pel seu comprom\u00eds<\/p>\n","protected":false},"author":1,"featured_media":0,"parent":0,"menu_order":0,"comment_status":"closed","ping_status":"closed","template":"","meta":{"footnotes":""},"class_list":["post-6069","page","type-page","status-publish","hentry"],"_links":{"self":[{"href":"https:\/\/holisea.org\/ca\/wp-json\/wp\/v2\/pages\/6069","targetHints":{"allow":["GET"]}}],"collection":[{"href":"https:\/\/holisea.org\/ca\/wp-json\/wp\/v2\/pages"}],"about":[{"href":"https:\/\/holisea.org\/ca\/wp-json\/wp\/v2\/types\/page"}],"author":[{"embeddable":true,"href":"https:\/\/holisea.org\/ca\/wp-json\/wp\/v2\/users\/1"}],"replies":[{"embeddable":true,"href":"https:\/\/holisea.org\/ca\/wp-json\/wp\/v2\/comments?post=6069"}],"version-history":[{"count":5,"href":"https:\/\/holisea.org\/ca\/wp-json\/wp\/v2\/pages\/6069\/revisions"}],"predecessor-version":[{"id":6362,"href":"https:\/\/holisea.org\/ca\/wp-json\/wp\/v2\/pages\/6069\/revisions\/6362"}],"wp:attachment":[{"href":"https:\/\/holisea.org\/ca\/wp-json\/wp\/v2\/media?parent=6069"}],"curies":[{"name":"wp","href":"https:\/\/api.w.org\/{rel}","templated":true}]}}