{"id":6073,"date":"2025-05-17T16:29:49","date_gmt":"2025-05-17T15:29:49","guid":{"rendered":"https:\/\/holisea.org\/?page_id=6073"},"modified":"2026-02-20T15:45:53","modified_gmt":"2026-02-20T14:45:53","slug":"politica-de-privacitat","status":"publish","type":"page","link":"https:\/\/holisea.org\/ca\/politica-de-privacitat\/","title":{"rendered":"Pol\u00edtica de privacitat"},"content":{"rendered":"<div class=\"wpb-content-wrapper\"><p>[vc_row][vc_column][vc_column_text css=&#8221;&#8221;]<\/p>\n<div class=\"flex flex-col text-sm pb-25\">\n<article class=\"text-token-text-primary w-full focus:outline-none [--shadow-height:45px] has-data-writing-block:pointer-events-none has-data-writing-block:-mt-(--shadow-height) has-data-writing-block:pt-(--shadow-height) [&amp;:has([data-writing-block])&gt;*]:pointer-events-auto scroll-mt-[calc(var(--header-height)+min(200px,max(70px,20svh)))]\" dir=\"auto\" tabindex=\"-1\" data-turn-id=\"request-WEB:28610c03-1bf1-4bbe-b0bd-ac466c2e6f2d-103\" data-testid=\"conversation-turn-208\" data-scroll-anchor=\"true\" data-turn=\"assistant\">\n<div class=\"text-base my-auto mx-auto pb-10 [--thread-content-margin:--spacing(4)] @w-sm\/main:[--thread-content-margin:--spacing(6)] @w-lg\/main:[--thread-content-margin:--spacing(16)] px-(--thread-content-margin)\">\n<div class=\"[--thread-content-max-width:40rem] @w-lg\/main:[--thread-content-max-width:48rem] mx-auto max-w-(--thread-content-max-width) flex-1 group\/turn-messages focus-visible:outline-hidden relative flex w-full min-w-0 flex-col agent-turn\" tabindex=\"-1\">\n<div class=\"flex max-w-full flex-col grow\">\n<div class=\"min-h-8 text-message relative flex w-full flex-col items-end gap-2 text-start break-words whitespace-normal [.text-message+&amp;]:mt-1\" dir=\"auto\" data-message-author-role=\"assistant\" data-message-id=\"a293734e-a4d6-4810-8285-b913086b73ae\" data-message-model-slug=\"gpt-5-mini\">\n<div class=\"flex w-full flex-col gap-1 empty:hidden first:pt-[1px]\">\n<div class=\"markdown prose dark:prose-invert w-full wrap-break-word light markdown-new-styling\">\n<p data-start=\"0\" data-end=\"42\"><strong data-start=\"0\" data-end=\"40\">Pol\u00edtica de privacitat de Holis\u00e9a SL<\/strong><\/p>\n<p data-start=\"44\" data-end=\"184\">Gr\u00e0cies per visitar el lloc web de Holis\u00e9a SL i per prendre coneixement de la seva pol\u00edtica de privacitat (d\u2019ara endavant, la \u201cPol\u00edtica\u201d).<\/p>\n<p data-start=\"186\" data-end=\"405\">En navegar pel nostre lloc web o utilitzar els nostres sistemes o serveis, vost\u00e8 reconeix haver llegit i ent\u00e8s aquesta pol\u00edtica i consenteix que les seves dades i informaci\u00f3 personal siguin tractades d\u2019acord amb ella.<\/p>\n<p data-start=\"407\" data-end=\"433\">Aquesta pol\u00edtica inclou:<\/p>\n<ol>\n<li>Objectius de la pol\u00edtica de privacitat<\/li>\n<li>Entrada en vigor<\/li>\n<li>Modalitats de recollida del consentiment<\/li>\n<li>Objectius de la recollida de dades<\/li>\n<li>Finalitats del tractament de dades<\/li>\n<li>Ressenya dels procediments de tractament utilitzats<\/li>\n<li>Modalitats d\u2019acc\u00e9s i control de la informaci\u00f3 personal<\/li>\n<li>Compartici\u00f3 i motius del compartiment de la informaci\u00f3 amb tercers<\/li>\n<li>\u00das de cookies i tecnologies similars<\/li>\n<li>Conservaci\u00f3 de la informaci\u00f3 personal<\/li>\n<\/ol>\n<hr data-start=\"902\" data-end=\"905\" \/>\n<h3 data-start=\"907\" data-end=\"954\">1. Objectius de la pol\u00edtica de privacitat<\/h3>\n<p data-start=\"956\" data-end=\"1279\">El respecte a la privacitat i la protecci\u00f3 de la informaci\u00f3 personal s\u00f3n essencials per a nosaltres. Aquesta Pol\u00edtica t\u00e9 com a objectiu protegir les dades d\u2019acord amb la legislaci\u00f3 vigent i informar els usuaris sobre com Holis\u00e9a SL, o qualsevol persona actuant en nom seu, recopila i utilitza la seva informaci\u00f3 personal.<\/p>\n<p data-start=\"1281\" data-end=\"1479\">Per \u201cinformaci\u00f3 personal\u201d s\u2019ent\u00e9n qualsevol informaci\u00f3 que identifiqui una persona o permeti identificar-la. Sempre que sigui possible, les dades seran anonimitzades, pseudonimitzades o agregades.<\/p>\n<hr data-start=\"1481\" data-end=\"1484\" \/>\n<h3 data-start=\"1486\" data-end=\"1535\">2. Modalitats de recollida del consentiment<\/h3>\n<p data-start=\"1537\" data-end=\"1749\">Holis\u00e9a SL recull el consentiment abans de recopilar dades personals. El consentiment pot ser expl\u00edcit (verbal, electr\u00f2nic o escrit) o impl\u00edcit (per exemple, proporcionar nom i correu per rebre una publicaci\u00f3).<\/p>\n<p data-start=\"1751\" data-end=\"1844\">Si es volen utilitzar les dades per a un nou prop\u00f2sit, es sol\u00b7licitar\u00e0 un nou consentiment.<\/p>\n<hr data-start=\"1846\" data-end=\"1849\" \/>\n<h3 data-start=\"1851\" data-end=\"1894\">3. Objectius de la recollida de dades<\/h3>\n<ul>\n<li data-start=\"1896\" data-end=\"1918\">Recopilem dades per:<\/li>\n<li data-start=\"1921\" data-end=\"1955\">Proporcionar productes i serveis<\/li>\n<li data-start=\"1958\" data-end=\"2000\">Millorar els nostres productes i serveis<\/li>\n<li data-start=\"2003\" data-end=\"2057\">Desenvolupar nous productes i serveis, inclosa la IA<\/li>\n<li data-start=\"2060\" data-end=\"2106\">Oferir experi\u00e8ncies i serveis personalitzats<\/li>\n<li data-start=\"2109\" data-end=\"2156\">Avaluar el rendiment dels productes i serveis<\/li>\n<li data-start=\"2159\" data-end=\"2196\">Protegir la privacitat dels usuaris<\/li>\n<li data-start=\"2199\" data-end=\"2231\">Complir amb obligacions legals<\/li>\n<\/ul>\n<hr data-start=\"2233\" data-end=\"2236\" \/>\n<h3 data-start=\"2238\" data-end=\"2276\">4. Informaci\u00f3 personal recollida<\/h3>\n<p data-start=\"2278\" data-end=\"2378\">Holis\u00e9a SL pot recopilar, de manera l\u00edcita i nom\u00e9s per a les finalitats indicades, informaci\u00f3 com:<\/p>\n<ul>\n<li data-start=\"2381\" data-end=\"2460\"><strong data-start=\"2381\" data-end=\"2409\">Nom i dades de contacte:<\/strong> nom, cognoms, correu electr\u00f2nic, adre\u00e7a, tel\u00e8fon<\/li>\n<li data-start=\"2463\" data-end=\"2524\"><strong data-start=\"2463\" data-end=\"2481\">Identificaci\u00f3:<\/strong> contrasenyes i altres dades de seguretat<\/li>\n<li data-start=\"2527\" data-end=\"2578\"><strong data-start=\"2527\" data-end=\"2551\">Dades demogr\u00e0fiques:<\/strong> edat, sexe, pa\u00eds, idioma<\/li>\n<li data-start=\"2581\" data-end=\"2651\"><strong data-start=\"2581\" data-end=\"2603\">Dades de pagament:<\/strong> informaci\u00f3 necess\u00e0ria per processar pagaments<\/li>\n<li data-start=\"2654\" data-end=\"2712\"><strong data-start=\"2654\" data-end=\"2676\">Dades d\u2019abonament:<\/strong> sobre esdeveniments i newsletters<\/li>\n<li data-start=\"2715\" data-end=\"2785\"><strong data-start=\"2715\" data-end=\"2734\">Imatges i sons:<\/strong> per a la seguretat dels usuaris en esdeveniments<\/li>\n<li data-start=\"2788\" data-end=\"2906\"><strong data-start=\"2788\" data-end=\"2810\">Interaccions i \u00fas:<\/strong> dades sobre l\u2019\u00fas dels nostres serveis, informes d\u2019errors, prefer\u00e8ncies i continguts consumits<\/li>\n<li data-start=\"2909\" data-end=\"2986\"><strong data-start=\"2909\" data-end=\"2935\">Dades de localitzaci\u00f3:<\/strong> IP, ubicaci\u00f3 aproximada com ciutat o codi postal<\/li>\n<li data-start=\"2989\" data-end=\"3059\"><strong data-start=\"2989\" data-end=\"3006\">Altres dades:<\/strong> per exemple, dades recollides via Google Analytics<\/li>\n<\/ul>\n<hr data-start=\"3061\" data-end=\"3064\" \/>\n<h3 data-start=\"3066\" data-end=\"3109\">5. Finalitats del tractament de dades<\/h3>\n<p data-start=\"3111\" data-end=\"3138\">Les dades es tracten per:<\/p>\n<ul>\n<li data-start=\"3141\" data-end=\"3197\">Oferir productes i serveis i experi\u00e8ncies interactives<\/li>\n<li data-start=\"3200\" data-end=\"3246\">Millorar i personalitzar productes i serveis<\/li>\n<li data-start=\"3249\" data-end=\"3288\">Desenvolupar nous productes i serveis<\/li>\n<li data-start=\"3291\" data-end=\"3334\">Suport al client i resoluci\u00f3 de problemes<\/li>\n<li data-start=\"3337\" data-end=\"3373\">Seguretat i protecci\u00f3 dels usuaris<\/li>\n<li data-start=\"3376\" data-end=\"3416\">Comunicacions promocionals i enquestes<\/li>\n<li data-start=\"3419\" data-end=\"3467\">Publicitat rellevant i transaccions comercials<\/li>\n<li data-start=\"3470\" data-end=\"3511\">An\u00e0lisi de gesti\u00f3 i informes comercials<\/li>\n<li data-start=\"3514\" data-end=\"3546\">Protecci\u00f3 de drets i propietat<\/li>\n<li data-start=\"3549\" data-end=\"3567\">Compliment legal<\/li>\n<li data-start=\"3570\" data-end=\"3614\">Investigaci\u00f3 cient\u00edfica i d\u2019inter\u00e8s p\u00fablic<\/li>\n<\/ul>\n<hr data-start=\"3616\" data-end=\"3619\" \/>\n<h3 data-start=\"3621\" data-end=\"3667\">6. Procediments de tractament utilitzats<\/h3>\n<p data-start=\"3669\" data-end=\"3877\">Holis\u00e9a SL aplica est\u00e0ndards industrials de seguretat per protegir les dades, tot i que la seguretat absoluta en la transmissi\u00f3 per Internet no \u00e9s possible. Les dades es transmeten sota el risc de l\u2019usuari.<\/p>\n<hr data-start=\"3879\" data-end=\"3882\" \/>\n<h3 data-start=\"3884\" data-end=\"3934\">7. Acc\u00e9s i control de la informaci\u00f3 personal<\/h3>\n<p data-start=\"3936\" data-end=\"4122\">Els usuaris tenen dret a accedir a les seves dades i sol\u00b7licitar correccions. Poden haver-hi casos en qu\u00e8 l\u2019acc\u00e9s sigui limitat per raons legals o per protegir dades d\u2019altres persones.<\/p>\n<hr data-start=\"4124\" data-end=\"4127\" \/>\n<h3 data-start=\"4129\" data-end=\"4161\">8. Compartici\u00f3 amb tercers<\/h3>\n<p data-start=\"4163\" data-end=\"4242\">No compartim informaci\u00f3 personal amb tercers sense consentiment, excepte amb:<\/p>\n<ul>\n<li data-start=\"4245\" data-end=\"4277\">Prove\u00efdors i socis autoritzats<\/li>\n<li data-start=\"4280\" data-end=\"4298\">Per raons legals<\/li>\n<li data-start=\"4301\" data-end=\"4364\">Emmagatzematge en servidors al n\u00favol (jurisdiccions externes)<\/li>\n<li data-start=\"4366\" data-end=\"4492\">Holis\u00e9a SL no ven ni lloga dades personals. Algunes dades poden ser anonimitzades o agregades per a estad\u00edstiques i estudis.<\/li>\n<\/ul>\n<hr data-start=\"4494\" data-end=\"4497\" \/>\n<h3 data-start=\"4499\" data-end=\"4538\">9. Cookies i tecnologies similars<\/h3>\n<p data-start=\"4540\" data-end=\"4608\">Podem utilitzar cookies, balises, p\u00edxels i altres tecnologies per:<\/p>\n<ul>\n<li data-start=\"4611\" data-end=\"4643\">Identificar connexions \u00faniques<\/li>\n<li data-start=\"4646\" data-end=\"4671\">Analitzar l\u2019\u00fas del lloc<\/li>\n<li data-start=\"4674\" data-end=\"4872\">Millorar l\u2019experi\u00e8ncia de l\u2019usuari<br data-start=\"4708\" data-end=\"4711\" \/>Els usuaris poden configurar el navegador per acceptar o rebutjar cookies. Holis\u00e9a SL no \u00e9s responsable de la recollida de dades per part de tercers enlla\u00e7ats.<\/li>\n<\/ul>\n<hr data-start=\"4874\" data-end=\"4877\" \/>\n<h3 data-start=\"4879\" data-end=\"4913\">10. Conservaci\u00f3 de les dades<\/h3>\n<p data-start=\"4915\" data-end=\"5209\">Les dades es conserven segons la seva naturalesa i utilitat. Poden emmagatzemar-se fora del pa\u00eds de resid\u00e8ncia, sempre amb mesures de seguretat adequades. Un cop finalitzat el per\u00edode de conservaci\u00f3, les dades personals s\u2019eliminen, i nom\u00e9s es poden conservar informes agregats o anonimitzats.<\/p>\n<hr data-start=\"5211\" data-end=\"5214\" \/>\n<h3 data-start=\"5216\" data-end=\"5241\">Altres informacions<\/h3>\n<p data-start=\"5245\" data-end=\"5409\">Les modificacions d\u2019aquesta Pol\u00edtica es comuniquen amb la data d\u2019actualitzaci\u00f3 i, si s\u00f3n significatives, amb un av\u00eds destacat al lloc web o per correu electr\u00f2nic.<\/p>\n<hr data-start=\"5411\" data-end=\"5414\" \/>\n<p data-start=\"5416\" data-end=\"5559\" data-is-last-node=\"\" data-is-only-node=\"\">Vols que et tradueixi tamb\u00e9 la <strong data-start=\"5447\" data-end=\"5512\">versi\u00f3 resumida en catal\u00e0 simplificat per als usuaris del web<\/strong> perqu\u00e8 sigui m\u00e9s f\u00e0cil de llegir i comprendre?<\/p>\n<\/div>\n<\/div>\n<\/div>\n<\/div>\n<div class=\"z-0 flex min-h-[46px] justify-start\"><\/div>\n<div class=\"mt-3 w-full empty:hidden\"><\/div>\n<\/div>\n<\/div>\n<\/article>\n<\/div>\n<p>[\/vc_column_text][\/vc_column][\/vc_row]<\/p>\n<\/div>","protected":false},"excerpt":{"rendered":"<p>[vc_row][vc_column][vc_column_text css=&#8221;&#8221;] Pol\u00edtica de privacitat de Holis\u00e9a SL Gr\u00e0cies per visitar el lloc web de Holis\u00e9a SL i per prendre coneixement de la seva pol\u00edtica de privacitat (d\u2019ara endavant, la \u201cPol\u00edtica\u201d). En navegar pel nostre lloc web o utilitzar els nostres sistemes o serveis, vost\u00e8 reconeix haver llegit i ent\u00e8s aquesta pol\u00edtica i consenteix que<\/p>\n","protected":false},"author":1,"featured_media":0,"parent":0,"menu_order":0,"comment_status":"closed","ping_status":"closed","template":"","meta":{"footnotes":""},"class_list":["post-6073","page","type-page","status-publish","hentry"],"_links":{"self":[{"href":"https:\/\/holisea.org\/ca\/wp-json\/wp\/v2\/pages\/6073","targetHints":{"allow":["GET"]}}],"collection":[{"href":"https:\/\/holisea.org\/ca\/wp-json\/wp\/v2\/pages"}],"about":[{"href":"https:\/\/holisea.org\/ca\/wp-json\/wp\/v2\/types\/page"}],"author":[{"embeddable":true,"href":"https:\/\/holisea.org\/ca\/wp-json\/wp\/v2\/users\/1"}],"replies":[{"embeddable":true,"href":"https:\/\/holisea.org\/ca\/wp-json\/wp\/v2\/comments?post=6073"}],"version-history":[{"count":2,"href":"https:\/\/holisea.org\/ca\/wp-json\/wp\/v2\/pages\/6073\/revisions"}],"predecessor-version":[{"id":6093,"href":"https:\/\/holisea.org\/ca\/wp-json\/wp\/v2\/pages\/6073\/revisions\/6093"}],"wp:attachment":[{"href":"https:\/\/holisea.org\/ca\/wp-json\/wp\/v2\/media?parent=6073"}],"curies":[{"name":"wp","href":"https:\/\/api.w.org\/{rel}","templated":true}]}}