{"id":6078,"date":"2018-10-25T11:45:48","date_gmt":"2018-10-25T10:45:48","guid":{"rendered":"https:\/\/holisea.org\/?page_id=6078"},"modified":"2026-02-20T15:45:45","modified_gmt":"2026-02-20T14:45:45","slug":"serveis","status":"publish","type":"page","link":"https:\/\/holisea.org\/ca\/serveis\/","title":{"rendered":"Serveis"},"content":{"rendered":"<div class=\"wpb-content-wrapper\"><p>[vc_row top_margin=&#8221;page-margin-top-section&#8221;][vc_column]<ul class=\"services-list clearfix\"><li class=\"vc_row wpb_row vc_row-fluid\"><ul><li><a href=\"https:\/\/holisea.org\/ca\/services\/vital-dome\/\" title=\"Vital D\u00f4me\"><img decoding=\"async\" width=\"474\" height=\"315\" src=\"https:\/\/holisea.org\/wp-content\/uploads\/2018\/10\/vital-dome-7.webp\" class=\"attachment-medium-thumb size-medium-thumb wp-post-image\" alt=\"Vital D\u00f4me\" title=\"\" srcset=\"https:\/\/holisea.org\/wp-content\/uploads\/2018\/10\/vital-dome-7.webp 474w, https:\/\/holisea.org\/wp-content\/uploads\/2018\/10\/vital-dome-7-300x199.webp 300w, https:\/\/holisea.org\/wp-content\/uploads\/2018\/10\/vital-dome-7-390x260.webp 390w, https:\/\/holisea.org\/wp-content\/uploads\/2018\/10\/vital-dome-7-285x190.webp 285w\" sizes=\"(max-width: 474px) 100vw, 474px\" \/><\/a><div class=\"service-details\"><h4><a href=\"https:\/\/holisea.org\/ca\/services\/vital-dome\/\" title=\"Vital D\u00f4me\">Vital D\u00f4me<\/a><\/h4><p>El Vital D\u00f4me \u00e9s una tecnologia innovadora que utilitza la infrater\u00e0pia per oferir relaxaci\u00f3 i beneficis terap\u00e8utics.<\/p>\n<\/div><\/li><li><a href=\"https:\/\/holisea.org\/ca\/services\/banys-oxyvita\/\" title=\"Banys OxyVita\"><img decoding=\"async\" width=\"480\" height=\"320\" src=\"https:\/\/holisea.org\/wp-content\/uploads\/2018\/10\/Bains-en-situation_5-480x320.jpg\" class=\"attachment-medium-thumb size-medium-thumb wp-post-image\" alt=\"Banys OxyVita\" title=\"\" srcset=\"https:\/\/holisea.org\/wp-content\/uploads\/2018\/10\/Bains-en-situation_5-480x320.jpg 480w, https:\/\/holisea.org\/wp-content\/uploads\/2018\/10\/Bains-en-situation_5-300x200.jpg 300w, https:\/\/holisea.org\/wp-content\/uploads\/2018\/10\/Bains-en-situation_5-1024x683.jpg 1024w, https:\/\/holisea.org\/wp-content\/uploads\/2018\/10\/Bains-en-situation_5-768x512.jpg 768w, https:\/\/holisea.org\/wp-content\/uploads\/2018\/10\/Bains-en-situation_5-670x446.jpg 670w, https:\/\/holisea.org\/wp-content\/uploads\/2018\/10\/Bains-en-situation_5-600x400.jpg 600w, https:\/\/holisea.org\/wp-content\/uploads\/2018\/10\/Bains-en-situation_5-390x260.jpg 390w, https:\/\/holisea.org\/wp-content\/uploads\/2018\/10\/Bains-en-situation_5-285x190.jpg 285w, https:\/\/holisea.org\/wp-content\/uploads\/2018\/10\/Bains-en-situation_5.jpg 1536w\" sizes=\"(max-width: 480px) 100vw, 480px\" \/><\/a><div class=\"service-details\"><h4><a href=\"https:\/\/holisea.org\/ca\/services\/banys-oxyvita\/\" title=\"Banys OxyVita\">Banys OxyVita<\/a><\/h4><p>El Bany OxyVita \u00e9s una innovaci\u00f3 concebuda per revitalitzar el cos gr\u00e0cies a una immersi\u00f3 prolongada en una aigua altament oxigenada. <\/p>\n<\/div><\/li><li><a href=\"https:\/\/holisea.org\/ca\/services\/aigua-oxyvita\/\" title=\"Aigua OxyVita\"><img decoding=\"async\" width=\"480\" height=\"320\" src=\"https:\/\/holisea.org\/wp-content\/uploads\/2026\/01\/oxyvita-480x320.webp\" class=\"attachment-medium-thumb size-medium-thumb wp-post-image\" alt=\"Aigua OxyVita\" title=\"\" srcset=\"https:\/\/holisea.org\/wp-content\/uploads\/2026\/01\/oxyvita-480x320.webp 480w, https:\/\/holisea.org\/wp-content\/uploads\/2026\/01\/oxyvita-670x446.webp 670w, https:\/\/holisea.org\/wp-content\/uploads\/2026\/01\/oxyvita-600x400.webp 600w, https:\/\/holisea.org\/wp-content\/uploads\/2026\/01\/oxyvita-390x260.webp 390w, https:\/\/holisea.org\/wp-content\/uploads\/2026\/01\/oxyvita-285x190.webp 285w\" sizes=\"(max-width: 480px) 100vw, 480px\" \/><\/a><div class=\"service-details\"><h4><a href=\"https:\/\/holisea.org\/ca\/services\/aigua-oxyvita\/\" title=\"Aigua OxyVita\">Aigua OxyVita<\/a><\/h4><p>OxyVita \u00e9s una aigua \u00fanica, rica en oxigen estable i biodisponible. Des de fa m\u00e9s de 20 anys al servei del benestar.<\/p>\n<\/div><\/li><\/ul><\/li><li class=\"vc_row wpb_row vc_row-fluid\"><ul><li><a href=\"https:\/\/holisea.org\/ca\/services\/ulleres-psio\/\" title=\"Ulleres PSIO\"><img decoding=\"async\" width=\"480\" height=\"320\" src=\"https:\/\/holisea.org\/wp-content\/uploads\/2018\/10\/lunettes-psio-5-480x320.webp\" class=\"attachment-medium-thumb size-medium-thumb wp-post-image\" alt=\"Ulleres PSIO\" title=\"\" srcset=\"https:\/\/holisea.org\/wp-content\/uploads\/2018\/10\/lunettes-psio-5-480x320.webp 480w, https:\/\/holisea.org\/wp-content\/uploads\/2018\/10\/lunettes-psio-5-670x446.webp 670w, https:\/\/holisea.org\/wp-content\/uploads\/2018\/10\/lunettes-psio-5-600x400.webp 600w, https:\/\/holisea.org\/wp-content\/uploads\/2018\/10\/lunettes-psio-5-390x260.webp 390w, https:\/\/holisea.org\/wp-content\/uploads\/2018\/10\/lunettes-psio-5-285x190.webp 285w\" sizes=\"(max-width: 480px) 100vw, 480px\" \/><\/a><div class=\"service-details\"><h4><a href=\"https:\/\/holisea.org\/ca\/services\/ulleres-psio\/\" title=\"Ulleres PSIO\">Ulleres PSIO<\/a><\/h4><p>Les Ulleres PSIO representen una soluci\u00f3 innovadora que combina la luminoter\u00e0pia i la relaxaci\u00f3 amb \u00e0udio per afavorir un benestar global.<\/p>\n<\/div><\/li><li><a href=\"https:\/\/holisea.org\/ca\/services\/butaca-vibroacustica-psio\/\" title=\"Butaca vibroac\u00fastica PSIO\"><img decoding=\"async\" width=\"480\" height=\"320\" src=\"https:\/\/holisea.org\/wp-content\/uploads\/2018\/10\/fauteuil-psio-1-480x320.webp\" class=\"attachment-medium-thumb size-medium-thumb wp-post-image\" alt=\"Butaca vibroac\u00fastica PSIO\" title=\"\" srcset=\"https:\/\/holisea.org\/wp-content\/uploads\/2018\/10\/fauteuil-psio-1-480x320.webp 480w, https:\/\/holisea.org\/wp-content\/uploads\/2018\/10\/fauteuil-psio-1-670x446.webp 670w, https:\/\/holisea.org\/wp-content\/uploads\/2018\/10\/fauteuil-psio-1-600x400.webp 600w, https:\/\/holisea.org\/wp-content\/uploads\/2018\/10\/fauteuil-psio-1-390x260.webp 390w, https:\/\/holisea.org\/wp-content\/uploads\/2018\/10\/fauteuil-psio-1-285x190.webp 285w\" sizes=\"(max-width: 480px) 100vw, 480px\" \/><\/a><div class=\"service-details\"><h4><a href=\"https:\/\/holisea.org\/ca\/services\/butaca-vibroacustica-psio\/\" title=\"Butaca vibroac\u00fastica PSIO\">Butaca vibroac\u00fastica PSIO<\/a><\/h4><p>Aquest dispositiu innovador combina vibracions terap\u00e8utiques i tecnologies audiovisuals per a una experi\u00e8ncia \u00fanica de relaxaci\u00f3.<\/p>\n<\/div><\/li><li><a href=\"https:\/\/holisea.org\/ca\/services\/bol-air-jacquier\/\" title=\"Bol d&#8217;air Jacquier\"><img decoding=\"async\" width=\"480\" height=\"320\" src=\"https:\/\/holisea.org\/wp-content\/uploads\/2018\/10\/bol-dair-jacquier-3-480x320.webp\" class=\"attachment-medium-thumb size-medium-thumb wp-post-image\" alt=\"Bol d&#8217;air Jacquier\" title=\"\" srcset=\"https:\/\/holisea.org\/wp-content\/uploads\/2018\/10\/bol-dair-jacquier-3-480x320.webp 480w, https:\/\/holisea.org\/wp-content\/uploads\/2018\/10\/bol-dair-jacquier-3-670x446.webp 670w, https:\/\/holisea.org\/wp-content\/uploads\/2018\/10\/bol-dair-jacquier-3-600x400.webp 600w, https:\/\/holisea.org\/wp-content\/uploads\/2018\/10\/bol-dair-jacquier-3-390x260.webp 390w, https:\/\/holisea.org\/wp-content\/uploads\/2018\/10\/bol-dair-jacquier-3-285x190.webp 285w\" sizes=\"(max-width: 480px) 100vw, 480px\" \/><\/a><div class=\"service-details\"><h4><a href=\"https:\/\/holisea.org\/ca\/services\/bol-air-jacquier\/\" title=\"Bol d&#8217;air Jacquier\">Bol d&#8217;air Jacquier<\/a><\/h4><p>El Bol d\u2019Air Jacquier \u00e9s un m\u00e8tode innovador i natural que millora l\u2019oxigenaci\u00f3 cel\u00b7lular en optimitzar l\u2019assimilaci\u00f3 de l\u2019oxigen per l\u2019organisme.<\/p>\n<\/div><\/li><\/ul><\/li><\/ul>[\/vc_column][\/vc_row]<\/p>\n<\/div>","protected":false},"excerpt":{"rendered":"<p>[vc_row top_margin=&#8221;page-margin-top-section&#8221;][vc_column][\/vc_column][\/vc_row]<\/p>\n","protected":false},"author":1,"featured_media":0,"parent":0,"menu_order":0,"comment_status":"closed","ping_status":"closed","template":"","meta":{"footnotes":""},"class_list":["post-6078","page","type-page","status-publish","hentry"],"_links":{"self":[{"href":"https:\/\/holisea.org\/ca\/wp-json\/wp\/v2\/pages\/6078","targetHints":{"allow":["GET"]}}],"collection":[{"href":"https:\/\/holisea.org\/ca\/wp-json\/wp\/v2\/pages"}],"about":[{"href":"https:\/\/holisea.org\/ca\/wp-json\/wp\/v2\/types\/page"}],"author":[{"embeddable":true,"href":"https:\/\/holisea.org\/ca\/wp-json\/wp\/v2\/users\/1"}],"replies":[{"embeddable":true,"href":"https:\/\/holisea.org\/ca\/wp-json\/wp\/v2\/comments?post=6078"}],"version-history":[{"count":2,"href":"https:\/\/holisea.org\/ca\/wp-json\/wp\/v2\/pages\/6078\/revisions"}],"predecessor-version":[{"id":6094,"href":"https:\/\/holisea.org\/ca\/wp-json\/wp\/v2\/pages\/6078\/revisions\/6094"}],"wp:attachment":[{"href":"https:\/\/holisea.org\/ca\/wp-json\/wp\/v2\/media?parent=6078"}],"curies":[{"name":"wp","href":"https:\/\/api.w.org\/{rel}","templated":true}]}}