{"id":6315,"date":"2016-10-21T12:52:45","date_gmt":"2016-10-21T11:52:45","guid":{"rendered":"https:\/\/holisea.org\/contact\/"},"modified":"2026-04-01T17:34:40","modified_gmt":"2026-04-01T16:34:40","slug":"contact","status":"publish","type":"page","link":"https:\/\/holisea.org\/en\/contact\/","title":{"rendered":"Contact"},"content":{"rendered":"<div class=\"wpb-content-wrapper\"><p>[vc_row type=&#8221;full-width&#8221; el_position=&#8221;first&#8221;][vc_column offset=&#8221;vc_hidden-xs&#8221;][vc_raw_html css=&#8221;&#8221;]JTNDaWZyYW1lJTIwJTBEJTBBJTIwJTIwc3JjJTNEJTIyaHR0cHMlM0ElMkYlMkZ3d3cuZ29vZ2xlLmNvbSUyRm1hcHMlMkZlbWJlZCUzRnBiJTNEJTIxMW0xOCUyMTFtMTIlMjExbTMlMjExZDI5NDEuMzA4MDA4NjI3MDMzJTIxMmQxLjUyNzc0OTc3Njc0NTU2JTIxM2Q0Mi41MDYyNjIwNzExNzk2NSUyMTJtMyUyMTFmMCUyMTJmMCUyMTNmMCUyMTNtMiUyMTFpMTAyNCUyMTJpNzY4JTIxNGYxMy4xJTIxM20zJTIxMW0yJTIxMXMweDEyYTU4YjAwMjM4NTkyYTMlMjUzQTB4Mjk0YTU1N2JiZGFhZjU0OCUyMTJzSG9saXMlMjVDMyUyNUE5YSUyNTIwQW5kb3JyYSUyMTVlMCUyMTNtMiUyMTFzZnIlMjEyc2FkJTIxNHYxNzc1MDU2NjExNTc1JTIxNW0yJTIxMXNmciUyMTJzYWQlMjIlMjAlMEQlMEElMjAlMjB3aWR0aCUzRCUyMjEwMCUyNSUyMiUyMCUwRCUwQSUyMCUyMGhlaWdodCUzRCUyMjYwMCUyMiUyMCUwRCUwQSUyMCUyMHN0eWxlJTNEJTIyYm9yZGVyJTNBMCUzQiUyMGRpc3BsYXklM0FibG9jayUzQiUyMiUyMCUwRCUwQSUyMCUyMGFsbG93ZnVsbHNjcmVlbiUzRCUyMiUyMiUyMCUwRCUwQSUyMCUyMGxvYWRpbmclM0QlMjJsYXp5JTIyJTIwJTBEJTBBJTIwJTIwcmVmZXJyZXJwb2xpY3klM0QlMjJuby1yZWZlcnJlci13aGVuLWRvd25ncmFkZSUyMiUzRSUwRCUwQSUzQyUyRmlmcmFtZSUzRQ==[\/vc_raw_html][\/vc_column][\/vc_row][vc_row top_margin=&#8221;page-margin-top-section&#8221;][vc_column width=&#8221;1\/3&#8243;]<ul class=\"clearfix mc-features mc-features-large mc-features-style-light\"><li class=\"item-content clearfix\">\r\n\t\t\t\t<span class=\"hexagon animated-element animation-scale\"  title=\"Headquarters\"><span class=\"features-map\"><\/span><\/span><div class=\"text\"><h2><span   title=\"Headquarters\">Headquarters<\/span><\/h2><p>Carrer de la Sardana, 26<br \/>Andorra-la-Vella, Andorra<\/p>\n<\/div>\r\n\t\t\t<\/li><\/ul>[\/vc_column][vc_column width=&#8221;1\/3&#8243;]<ul class=\"clearfix mc-features mc-features-large mc-features-style-light\"><li class=\"item-content clearfix\">\r\n\t\t\t\t<span class=\"hexagon animated-element animation-scale\"  title=\"Call today\"><span class=\"features-clock\"><\/span><\/span><div class=\"text\"><h2><span   title=\"Call today\">Call today<\/span><\/h2><p>(376) 863-843<\/p>\n<\/div>\r\n\t\t\t<\/li><\/ul>[\/vc_column][vc_column width=&#8221;1\/3&#8243;]<ul class=\"clearfix mc-features mc-features-large mc-features-style-light\"><li class=\"item-content clearfix\">\r\n\t\t\t\t<span class=\"hexagon animated-element animation-scale\"  title=\"Hours\"><span class=\"features-clock\"><\/span><\/span><div class=\"text\"><h2><span   title=\"Hours\">Hours<\/span><\/h2><p>Monday\u2013Friday: 9:30 AM\u20137:30 PM<\/p>\n<\/div>\r\n\t\t\t<\/li><\/ul>[\/vc_column][\/vc_row][vc_row top_margin=&#8221;page-margin-top&#8221; el_position=&#8221;last&#8221;][vc_column]<h2 class=\"box-header large align-center\">Contactez-nous pour plus d'informations<\/h2>[vc_column_text css=&#8221;&#8221; el_class=&#8221;large align-center margin-top-20&#8243;]You can also contact us at info@holisea.org[\/vc_column_text][\/vc_column][\/vc_row][vc_row][\/vc_row][vc_row][vc_column][vc_column_text css=&#8221;&#8221;]<div class=\"frm_forms  with_frm_style frm_style_style-formidable\" id=\"frm_form_1_container\" >\n<form enctype=\"multipart\/form-data\" method=\"post\" class=\"frm-show-form \" id=\"form_contact-form\" >\n<div class=\"frm_form_fields \">\n<fieldset>\n<legend class=\"frm_screen_reader\">Contactez-nous<\/legend>\r\n\r\n<div class=\"frm_fields_container\">\n<input type=\"hidden\" name=\"frm_action\" value=\"create\" \/>\n<input type=\"hidden\" name=\"form_id\" value=\"1\" \/>\n<input type=\"hidden\" name=\"frm_hide_fields_1\" id=\"frm_hide_fields_1\" value=\"\" \/>\n<input type=\"hidden\" name=\"form_key\" value=\"contact-form\" \/>\n<input type=\"hidden\" name=\"item_meta[0]\" value=\"\" \/>\n<input type=\"hidden\" id=\"frm_submit_entry_1\" name=\"frm_submit_entry_1\" value=\"da10f8c0b9\" \/><input type=\"hidden\" name=\"_wp_http_referer\" value=\"\/en\/wp-json\/wp\/v2\/pages\/6315\" \/><div id=\"frm_field_1_container\" class=\"frm_form_field form-field  frm_required_field frm_top_container frm12 frm_first\">\r\n\t<label for=\"field_qh4icy\" id=\"field_qh4icy_label\" class=\"frm_primary_label\">Nom (name\/nombre)\r\n\t\t<span class=\"frm_required\" aria-hidden=\"true\">*<\/span>\r\n\t<\/label>\r\n\t<input type=\"text\" id=\"field_qh4icy\" name=\"item_meta[1]\" value=\"\"  data-reqmsg=\"Nom (name\/nombre) ne peut pas \u00eatre vide.\" aria-required=\"true\" data-invmsg=\"Nom (name\/nombre) est non valide\" aria-invalid=\"false\"  \/>\r\n\t\r\n\t\r\n<\/div>\n<div id=\"frm_field_3_container\" class=\"frm_form_field form-field  frm_required_field frm_top_container frm6 frm_first\">\r\n\t<label for=\"field_29yf4d\" id=\"field_29yf4d_label\" class=\"frm_primary_label\">Email\r\n\t\t<span class=\"frm_required\" aria-hidden=\"true\">*<\/span>\r\n\t<\/label>\r\n\t<input type=\"email\" id=\"field_29yf4d\" name=\"item_meta[3]\" value=\"\"  data-reqmsg=\"Email ne peut pas \u00eatre vide.\" aria-required=\"true\" data-invmsg=\"Please enter a valid email address\" aria-invalid=\"false\"  \/>\r\n\t\r\n\t\r\n<\/div>\n<div id=\"frm_field_8_container\" class=\"frm_form_field form-field  frm_top_container frm6\">\r\n\t<label for=\"field_24vaj\" id=\"field_24vaj_label\" class=\"frm_primary_label\">T\u00e9l\u00e9phone (phone, tel\u00e9fono)\r\n\t\t<span class=\"frm_required\" aria-hidden=\"true\"><\/span>\r\n\t<\/label>\r\n\t<input type=\"tel\" id=\"field_24vaj\" name=\"item_meta[8]\" value=\"\"  data-invmsg=\"T\u00e9l\u00e9phone (phone, tel\u00e9fono) est non valide\" aria-invalid=\"false\" pattern=\"((\\+\\d{1,3}(-|.| )?\\(?\\d\\)?(-| |.)?\\d{1,5})|(\\(?\\d{2,6}\\)?))(-|.| )?(\\d{3,4})(-|.| )?(\\d{4})(( x| ext)\\d{1,5}){0,1}$\"  \/>\r\n\t\r\n\t\r\n<\/div>\n<div id=\"frm_field_5_container\" class=\"frm_form_field form-field  frm_required_field frm_top_container frm_full\">\r\n\t<label for=\"field_9jv0r1\" id=\"field_9jv0r1_label\" class=\"frm_primary_label\">Message (mensaje)\r\n\t\t<span class=\"frm_required\" aria-hidden=\"true\">*<\/span>\r\n\t<\/label>\r\n\t<textarea name=\"item_meta[5]\" id=\"field_9jv0r1\" rows=\"5\"  data-reqmsg=\"Message (mensaje) ne peut pas \u00eatre vide.\" aria-required=\"true\" data-invmsg=\"Message (mensaje) is invalid\" aria-invalid=\"false\"  ><\/textarea>\r\n\t\r\n\t\r\n<\/div>\n<div id=\"frm_field_7_container\" class=\"frm_form_field form-field  frm_none_container\">\r\n\t<label for=\"g-recaptcha-response\" id=\"field_dctu3_label\" class=\"frm_primary_label\">Captcha\r\n\t\t<span class=\"frm_required\" aria-hidden=\"true\"><\/span>\r\n\t<\/label>\r\n\t<div  id=\"field_dctu3\" class=\"frm-g-recaptcha\" data-sitekey=\"6LfDPXcsAAAAAGA_yXf6GI4QNlSisUBdYGRDnXKa\" data-size=\"normal\" data-theme=\"light\"><\/div>\r\n\t\r\n\t\r\n<\/div>\n<div id=\"frm_field_6_container\" class=\"frm_form_field form-field \">\r\n\t<div class=\"frm_submit frm_flex\">\r\n<button class=\"frm_button_submit\" type=\"submit\"  >Envoyer (Send\/Enviar)<\/button>\r\n\r\n\r\n\r\n<\/div>\r\n<\/div>\n\t<input type=\"hidden\" name=\"item_key\" value=\"\" \/>\n\t\t\t<div id=\"frm_field_27_container\">\n\t\t\t<label for=\"field_so355\" >\n\t\t\t\tIf you are human, leave this field blank.\t\t\t<\/label>\n\t\t\t<input  id=\"field_so355\" type=\"text\" class=\"frm_form_field form-field frm_verify\" name=\"item_meta[27]\" value=\"\"  \/>\n\t\t<\/div>\n\t\t<input name=\"frm_state\" type=\"hidden\" value=\"k+GuZoheJlUCP+soV1rnfo2R+sABDPq6ylmI\/quOp9M=\" \/><\/div>\n<\/fieldset>\n<\/div>\n\n<\/form>\n<\/div>\n[\/vc_column_text]<h3 class=\"box-header margin-top-92\">Echangeons ensemble<\/h3>[\/vc_column][\/vc_row][vc_row][vc_column]<h2 class=\"box-header large margin-top-30 no-border\">R\u00e9servez votre consultation d\u00e9couverte offerte !<\/h2>[vc_raw_html css=&#8221;&#8221;]PCEtLSBEw6lidXQgZGUgd2lkZ2V0IGVuIGxpZ25lIENhbGVuZGx5IC0tPg0KPGRpdiBjbGFzcz0iY2FsZW5kbHktaW5saW5lLXdpZGdldCIgZGF0YS11cmw9Imh0dHBzOi8vY2FsZW5kbHkuY29tL2hvbGlzZWF0ZWFtLzMwbWluP3ByaW1hcnlfY29sb3I9MjYzMTRmIiBzdHlsZT0ibWluLXdpZHRoOjMyMHB4O2hlaWdodDo3MDBweDsiPjwvZGl2Pg0KPHNjcmlwdCB0eXBlPSJ0ZXh0L2phdmFzY3JpcHQiIHNyYz0iaHR0cHM6Ly9hc3NldHMuY2FsZW5kbHkuY29tL2Fzc2V0cy9leHRlcm5hbC93aWRnZXQuanMiIGFzeW5jPSIiPjwvc2NyaXB0Pg0KPCEtLSBGaW4gZGUgd2lkZ2V0IGVuIGxpZ25lIENhbGVuZGx5IC0tPg==[\/vc_raw_html][\/vc_column][\/vc_row]<\/p>\n<\/div>","protected":false},"excerpt":{"rendered":"<p>[vc_row type=&#8221;full-width&#8221; el_position=&#8221;first&#8221;][vc_column offset=&#8221;vc_hidden-xs&#8221;][vc_raw_html css=&#8221;&#8221;]JTNDaWZyYW1lJTIwJTBEJTBBJTIwJTIwc3JjJTNEJTIyaHR0cHMlM0ElMkYlMkZ3d3cuZ29vZ2xlLmNvbSUyRm1hcHMlMkZlbWJlZCUzRnBiJTNEJTIxMW0xOCUyMTFtMTIlMjExbTMlMjExZDI5NDEuMzA4MDA4NjI3MDMzJTIxMmQxLjUyNzc0OTc3Njc0NTU2JTIxM2Q0Mi41MDYyNjIwNzExNzk2NSUyMTJtMyUyMTFmMCUyMTJmMCUyMTNmMCUyMTNtMiUyMTFpMTAyNCUyMTJpNzY4JTIxNGYxMy4xJTIxM20zJTIxMW0yJTIxMXMweDEyYTU4YjAwMjM4NTkyYTMlMjUzQTB4Mjk0YTU1N2JiZGFhZjU0OCUyMTJzSG9saXMlMjVDMyUyNUE5YSUyNTIwQW5kb3JyYSUyMTVlMCUyMTNtMiUyMTFzZnIlMjEyc2FkJTIxNHYxNzc1MDU2NjExNTc1JTIxNW0yJTIxMXNmciUyMTJzYWQlMjIlMjAlMEQlMEElMjAlMjB3aWR0aCUzRCUyMjEwMCUyNSUyMiUyMCUwRCUwQSUyMCUyMGhlaWdodCUzRCUyMjYwMCUyMiUyMCUwRCUwQSUyMCUyMHN0eWxlJTNEJTIyYm9yZGVyJTNBMCUzQiUyMGRpc3BsYXklM0FibG9jayUzQiUyMiUyMCUwRCUwQSUyMCUyMGFsbG93ZnVsbHNjcmVlbiUzRCUyMiUyMiUyMCUwRCUwQSUyMCUyMGxvYWRpbmclM0QlMjJsYXp5JTIyJTIwJTBEJTBBJTIwJTIwcmVmZXJyZXJwb2xpY3klM0QlMjJuby1yZWZlcnJlci13aGVuLWRvd25ncmFkZSUyMiUzRSUwRCUwQSUzQyUyRmlmcmFtZSUzRQ==[\/vc_raw_html][\/vc_column][\/vc_row][vc_row top_margin=&#8221;page-margin-top-section&#8221;][vc_column width=&#8221;1\/3&#8243;][\/vc_column][vc_column width=&#8221;1\/3&#8243;][\/vc_column][vc_column width=&#8221;1\/3&#8243;][\/vc_column][\/vc_row][vc_row top_margin=&#8221;page-margin-top&#8221; el_position=&#8221;last&#8221;][vc_column][vc_column_text css=&#8221;&#8221; el_class=&#8221;large align-center margin-top-20&#8243;]You can also contact us at info@holisea.org[\/vc_column_text][\/vc_column][\/vc_row][vc_row][\/vc_row][vc_row][vc_column][vc_column_text css=&#8221;&#8221;][\/vc_column_text][\/vc_column][\/vc_row][vc_row][vc_column][vc_raw_html css=&#8221;&#8221;]PCEtLSBEw6lidXQgZGUgd2lkZ2V0IGVuIGxpZ25lIENhbGVuZGx5IC0tPg0KPGRpdiBjbGFzcz0iY2FsZW5kbHktaW5saW5lLXdpZGdldCIgZGF0YS11cmw9Imh0dHBzOi8vY2FsZW5kbHkuY29tL2hvbGlzZWF0ZWFtLzMwbWluP3ByaW1hcnlfY29sb3I9MjYzMTRmIiBzdHlsZT0ibWluLXdpZHRoOjMyMHB4O2hlaWdodDo3MDBweDsiPjwvZGl2Pg0KPHNjcmlwdCB0eXBlPSJ0ZXh0L2phdmFzY3JpcHQiIHNyYz0iaHR0cHM6Ly9hc3NldHMuY2FsZW5kbHkuY29tL2Fzc2V0cy9leHRlcm5hbC93aWRnZXQuanMiIGFzeW5jPSIiPjwvc2NyaXB0Pg0KPCEtLSBGaW4gZGUgd2lkZ2V0IGVuIGxpZ25lIENhbGVuZGx5IC0tPg==[\/vc_raw_html][\/vc_column][\/vc_row]<\/p>\n","protected":false},"author":1,"featured_media":0,"parent":0,"menu_order":0,"comment_status":"closed","ping_status":"closed","template":"template-default-without-breadcrumbs.php","meta":{"footnotes":""},"class_list":["post-6315","page","type-page","status-publish","hentry"],"_links":{"self":[{"href":"https:\/\/holisea.org\/en\/wp-json\/wp\/v2\/pages\/6315","targetHints":{"allow":["GET"]}}],"collection":[{"href":"https:\/\/holisea.org\/en\/wp-json\/wp\/v2\/pages"}],"about":[{"href":"https:\/\/holisea.org\/en\/wp-json\/wp\/v2\/types\/page"}],"author":[{"embeddable":true,"href":"https:\/\/holisea.org\/en\/wp-json\/wp\/v2\/users\/1"}],"replies":[{"embeddable":true,"href":"https:\/\/holisea.org\/en\/wp-json\/wp\/v2\/comments?post=6315"}],"version-history":[{"count":11,"href":"https:\/\/holisea.org\/en\/wp-json\/wp\/v2\/pages\/6315\/revisions"}],"predecessor-version":[{"id":6566,"href":"https:\/\/holisea.org\/en\/wp-json\/wp\/v2\/pages\/6315\/revisions\/6566"}],"wp:attachment":[{"href":"https:\/\/holisea.org\/en\/wp-json\/wp\/v2\/media?parent=6315"}],"curies":[{"name":"wp","href":"https:\/\/api.w.org\/{rel}","templated":true}]}}