{"id":4556,"date":"2013-04-08T10:11:25","date_gmt":"2013-04-08T09:11:25","guid":{"rendered":"https:\/\/holisea.org\/?page_id=4556"},"modified":"2026-03-30T10:13:11","modified_gmt":"2026-03-30T09:13:11","slug":"encontrar-nuestros-productos-servicios","status":"publish","type":"page","link":"https:\/\/holisea.org\/es\/encontrar-nuestros-productos-servicios\/","title":{"rendered":"\u00bfD\u00f3nde encontrar nuestros servicios y productos?"},"content":{"rendered":"<div class=\"wpb-content-wrapper\"><p>[vc_row][vc_column css=\u00bb.vc_custom_1746794228285{padding-top: 100px !important;}\u00bb][vc_row_inner][vc_column_inner width=\u00bb1\/2&#8243;]<h3 class=\"box-header\">La Red Holis\u00e9a<\/h3><h2 class=\"box-header large margin-top-30 no-border\">Nuestros socios Holis\u00e9a: encuentra un centro cerca de ti<\/h2>[vc_column_text css=\u00bb\u00bb el_class=\u00bblarge margin-top-10&#8243;]<\/p>\n<p class=\"\" data-start=\"0\" data-end=\"184\">Holis\u00e9a se asocia con profesionales del bienestar, la salud y la belleza en toda Europa para hacer accesibles sus soluciones innovadoras de oxigenaci\u00f3n celular y regeneraci\u00f3n natural.<\/p>\n<p class=\"\" data-start=\"186\" data-end=\"438\">\u00bfDesea probar los beneficios de un ba\u00f1o OxyVita o descubrir los efectos regeneradores de la sauna japonesa de infrarrojo lejano Vital Dome? Gracias a nuestra red de centros asociados, ahora es f\u00e1cil encontrar un establecimiento equipado cerca de usted.<\/p>\n<p class=\"\" data-start=\"440\" data-end=\"614\">Nuestros socios son seleccionados por su compromiso con el bienestar, su profesionalismo y su voluntad de integrar tecnolog\u00edas de vanguardia al servicio de la salud integral.<\/p>\n<p>[\/vc_column_text][\/vc_column_inner][vc_column_inner width=\u00bb1\/2&#8243;][vc_single_image image=\u00bb4528&#8243; img_size=\u00bblarge\u00bb css_animation=\u00bbfadeIn\u00bb css=\u00bb\u00bb el_class=\u00bbside-image-static\u00bb][\/vc_column_inner][\/vc_row_inner][vc_row_inner][vc_column_inner][vc_column_text css=\u00bb\u00bb]<style>\r\n\t#wpsl-stores .wpsl-store-thumb {height:45px !important; width:45px !important;}\r\n\t#wpsl-stores, #wpsl-direction-details, #wpsl-gmap {height:500px !important;}\r\n\t#wpsl-gmap .wpsl-info-window {max-width:225px !important;}\r\n\t.wpsl-input label, #wpsl-radius label, #wpsl-category label {width:95px;}\r\n\t#wpsl-search-input ,#wpsl-category .wpsl-dropdown {width:180px;}\r\n<\/style>\r\n<div id=\"wpsl-wrap\">\r\n\t<div class=\"wpsl-search wpsl-clearfix wpsl-filter\">\r\n\t\t<div id=\"wpsl-search-wrap\">\r\n\t\t\t<form autocomplete=\"off\">\r\n\t\t\t<div class=\"wpsl-input\">\r\n\t\t\t\t<div><label for=\"wpsl-search-input\">Tu ubicaci\u00f3n<\/label><\/div>\r\n\t\t\t\t<input id=\"wpsl-search-input\" type=\"text\" value=\"\" name=\"wpsl-search-input\" placeholder=\"\" aria-required=\"true\" \/>\r\n\t\t\t<\/div>\r\n\t\t\t<div class=\"wpsl-select-wrap\">\r\n\t\t\t\t<div id=\"wpsl-radius\">\r\n\t\t\t\t\t<label for=\"wpsl-radius-dropdown\">Radio de b\u00fasqueda<\/label>\r\n\t\t\t\t\t<select id=\"wpsl-radius-dropdown\" class=\"wpsl-dropdown\" name=\"wpsl-radius\">\r\n\t\t\t\t\t\t<option value=\"10\">10 km<\/option><option value=\"25\">25 km<\/option><option selected=\"selected\" value=\"50\">50 km<\/option><option value=\"100\">100 km<\/option><option value=\"200\">200 km<\/option><option value=\"500\">500 km<\/option>\r\n\t\t\t\t\t<\/select>\r\n\t\t\t\t<\/div>\r\n\t\t\t\t<div id=\"wpsl-results\">\r\n\t\t\t\t\t<label for=\"wpsl-results-dropdown\">Resultados<\/label>\r\n\t\t\t\t\t<select id=\"wpsl-results-dropdown\" class=\"wpsl-dropdown\" name=\"wpsl-results\">\r\n\t\t\t\t\t\t<option selected=\"selected\" value=\"25\">25<\/option><option value=\"50\">50<\/option><option value=\"75\">75<\/option><option value=\"100\">100<\/option>\r\n\t\t\t\t\t<\/select>\r\n\t\t\t\t<\/div>\r\n\t\t\t<\/div>\r\n<div id=\"wpsl-category\">\r\n<label for=\"wpsl-category-list\">Categor\u00eda<\/label>\r\n<select  name='wpsl-category' id='wpsl-category-list' class='wpsl-dropdown'>\n\t<option value='0'>Cualquiera<\/option>\n\t<option class=\"level-0\" value=\"58\">Bains OxyVita<\/option>\n\t<option class=\"level-0\" value=\"81\">Eau OxyVita (Kaqun)<\/option>\n\t<option class=\"level-0\" value=\"57\">Vital D\u00f4me<\/option>\n<\/select>\n<\/div>\r\n\t\t\t\t<div class=\"wpsl-search-btn-wrap\"><input id=\"wpsl-search-btn\" type=\"submit\" value=\"Buscar\"><\/div>\r\n\t\t<\/form>\r\n\t\t<\/div>\r\n\t<\/div>\r\n\t<div id=\"wpsl-gmap\" class=\"wpsl-gmap-canvas\"><\/div>\r\n\t<div id=\"wpsl-result-list\">\r\n\t\t<div id=\"wpsl-stores\" >\r\n\t\t\t<ul><\/ul>\r\n\t\t<\/div>\r\n\t\t<div id=\"wpsl-direction-details\">\r\n\t\t\t<ul><\/ul>\r\n\t\t<\/div>\r\n\t<\/div>\r\n<\/div>\r\n[\/vc_column_text][\/vc_column_inner][\/vc_row_inner][\/vc_column][\/vc_row][vc_row top_margin=\u00bbpage-margin-top\u00bb el_position=\u00bblast\u00bb][vc_column]<div class=\"announcement clearfix vertical-align-table\">\n\t\t\t\t\t<ul class=\"vertical-align\">\n\t\t\t\t\t\t<li class=\"vertical-align-cell\"><h2>\u00a1\u00danase a la red Holis\u00e9a!<\/h2><p>Benef\u00edciese de una consulta gratuita con nuestro equipo para saber c\u00f3mo integrar nuestra red de socios.<\/p>\n<\/li><li class=\"vertical-align-cell\">\n\t\t\t\t\t\t<a title=\"Consulta gratuita\" href=\"contact\" class=\"more mc-button dark-color medium template-phone-after animated-element animation-slideLeft\">Consulta gratuita<\/a>\n\t\t\t\t\t<\/li><\/ul>\n\t\t\t<\/div>[\/vc_column][\/vc_row][vc_row top_margin=\u00bbpage-margin-top\u00bb][vc_column]<div class=\"clearfix scrolling-controls\">\n\t\t\t<div class=\"header-left\"><h3 class=\"box-header  animation-slide\">\u00a1Lo dicen mejor que nosotros!<\/h3><\/div>\n\t\t\t<div class=\"header-right\"><a href=\"#\" id=\"temoignage_prev\" class=\"scrolling-list-control-left template-arrow-horizontal-3\"><\/a><a href=\"#\" id=\"temoignage_next\" class=\"scrolling-list-control-right template-arrow-horizontal-3\"><\/a><\/div><\/div><ul class=\"columns full-width horizontal-carousel testimonials temoignage id-temoignage autoplay-0 pause_on_hover-1 scroll-1 effect-scroll easing-swing duration-500\"><li class=\"wpb_column vc_column_container vc_col-sm-6 template-quote-2\">\n\t\t\t\t<h3 class=\"sentence\">Al venir a Holis\u00e9a, pude disfrutar de una acogida c\u00e1lida y un gran profesionalismo.<\/h3>\n\t\t\t\t<div class=\"clearfix\"><span class=\"sentence-author\">\u2014 Clara \u2013 Usuario de OxyVita<\/span><\/div>\n\t\t\t<\/li><li class=\"wpb_column vc_column_container vc_col-sm-6 template-quote-2\">\n\t\t\t\t<h3 class=\"sentence\">El centro Holis\u00e9a es un lugar de consulta donde siempre somos muy bien recibidos, ya sea como profesionales o para un ba\u00f1o OxyVita.<\/h3>\n\t\t\t\t<div class=\"clearfix\"><span class=\"sentence-author\">\u2014 Judith \u2013 Terapeuta en Holis\u00e9a<\/span><\/div>\n\t\t\t<\/li><li class=\"wpb_column vc_column_container vc_col-sm-6 template-quote-2\">\n\t\t\t\t<h3 class=\"sentence\">Escucha y amabilidad en un entorno sano, elegante y agradable: lo recomiendo al 100% y volver\u00e9 con gusto.<\/h3>\n\t\t\t\t<div class=\"clearfix\"><span class=\"sentence-author\">\u2014 Christine \u2013 Paciente de un tratamiento<\/span><\/div>\n\t\t\t<\/li><\/ul>[\/vc_column][\/vc_row][vc_row top_margin=\u00bbpage-margin-top-section\u00bb][vc_column]<h2 class=\"box-header large align-center\">Cont\u00e1ctenos para m\u00e1s informaci\u00f3n<\/h2>[vc_column_text css=\u00bb\u00bb el_class=\u00bblarge align-center margin-top-20&#8243;]Tambi\u00e9n puede contactarnos v\u00eda WhatsApp o directamente en <a class=\"cursor-pointer\" rel=\"noopener\" data-start=\"58\" data-end=\"74\" data-is-last-node=\"\">info@holisea.org<\/a>[\/vc_column_text][\/vc_column][\/vc_row][vc_row][\/vc_row][vc_row][vc_column][vc_column_text css=\u00bb\u00bb]<div class=\"frm_forms  with_frm_style frm_style_style-formidable\" id=\"frm_form_1_container\" >\n<form enctype=\"multipart\/form-data\" method=\"post\" class=\"frm-show-form \" id=\"form_contact-form\" >\n<div class=\"frm_form_fields \">\n<fieldset>\n<legend class=\"frm_screen_reader\">Contactez-nous<\/legend>\r\n\r\n<div class=\"frm_fields_container\">\n<input type=\"hidden\" name=\"frm_action\" value=\"create\" \/>\n<input type=\"hidden\" name=\"form_id\" value=\"1\" \/>\n<input type=\"hidden\" name=\"frm_hide_fields_1\" id=\"frm_hide_fields_1\" value=\"\" \/>\n<input type=\"hidden\" name=\"form_key\" value=\"contact-form\" \/>\n<input type=\"hidden\" name=\"item_meta[0]\" value=\"\" \/>\n<input type=\"hidden\" id=\"frm_submit_entry_1\" name=\"frm_submit_entry_1\" value=\"5aaec6b898\" \/><input type=\"hidden\" name=\"_wp_http_referer\" value=\"\/es\/wp-json\/wp\/v2\/pages\/4556\" \/><div id=\"frm_field_1_container\" class=\"frm_form_field form-field  frm_required_field frm_top_container frm12 frm_first\">\r\n\t<label for=\"field_qh4icy\" id=\"field_qh4icy_label\" class=\"frm_primary_label\">Nom (name\/nombre)\r\n\t\t<span class=\"frm_required\" aria-hidden=\"true\">*<\/span>\r\n\t<\/label>\r\n\t<input type=\"text\" id=\"field_qh4icy\" name=\"item_meta[1]\" value=\"\"  data-reqmsg=\"Nom (name\/nombre) ne peut pas \u00eatre vide.\" aria-required=\"true\" data-invmsg=\"Nom (name\/nombre) est non valide\" aria-invalid=\"false\"  \/>\r\n\t\r\n\t\r\n<\/div>\n<div id=\"frm_field_3_container\" class=\"frm_form_field form-field  frm_required_field frm_top_container frm6 frm_first\">\r\n\t<label for=\"field_29yf4d\" id=\"field_29yf4d_label\" class=\"frm_primary_label\">Email\r\n\t\t<span class=\"frm_required\" aria-hidden=\"true\">*<\/span>\r\n\t<\/label>\r\n\t<input type=\"email\" id=\"field_29yf4d\" name=\"item_meta[3]\" value=\"\"  data-reqmsg=\"Email ne peut pas \u00eatre vide.\" aria-required=\"true\" data-invmsg=\"Please enter a valid email address\" aria-invalid=\"false\"  \/>\r\n\t\r\n\t\r\n<\/div>\n<div id=\"frm_field_8_container\" class=\"frm_form_field form-field  frm_top_container frm6\">\r\n\t<label for=\"field_24vaj\" id=\"field_24vaj_label\" class=\"frm_primary_label\">T\u00e9l\u00e9phone (phone, tel\u00e9fono)\r\n\t\t<span class=\"frm_required\" aria-hidden=\"true\"><\/span>\r\n\t<\/label>\r\n\t<input type=\"tel\" id=\"field_24vaj\" name=\"item_meta[8]\" value=\"\"  data-invmsg=\"T\u00e9l\u00e9phone (phone, tel\u00e9fono) est non valide\" aria-invalid=\"false\" pattern=\"((\\+\\d{1,3}(-|.| )?\\(?\\d\\)?(-| |.)?\\d{1,5})|(\\(?\\d{2,6}\\)?))(-|.| )?(\\d{3,4})(-|.| )?(\\d{4})(( x| ext)\\d{1,5}){0,1}$\"  \/>\r\n\t\r\n\t\r\n<\/div>\n<div id=\"frm_field_5_container\" class=\"frm_form_field form-field  frm_required_field frm_top_container frm_full\">\r\n\t<label for=\"field_9jv0r1\" id=\"field_9jv0r1_label\" class=\"frm_primary_label\">Message (mensaje)\r\n\t\t<span class=\"frm_required\" aria-hidden=\"true\">*<\/span>\r\n\t<\/label>\r\n\t<textarea name=\"item_meta[5]\" id=\"field_9jv0r1\" rows=\"5\"  data-reqmsg=\"Message (mensaje) ne peut pas \u00eatre vide.\" aria-required=\"true\" data-invmsg=\"Message (mensaje) no es v\u00e1lido\" aria-invalid=\"false\"  ><\/textarea>\r\n\t\r\n\t\r\n<\/div>\n<div id=\"frm_field_7_container\" class=\"frm_form_field form-field  frm_none_container\">\r\n\t<label for=\"g-recaptcha-response\" id=\"field_dctu3_label\" class=\"frm_primary_label\">Captcha\r\n\t\t<span class=\"frm_required\" aria-hidden=\"true\"><\/span>\r\n\t<\/label>\r\n\t<div  id=\"field_dctu3\" class=\"frm-g-recaptcha\" data-sitekey=\"6LfDPXcsAAAAAGA_yXf6GI4QNlSisUBdYGRDnXKa\" data-size=\"normal\" data-theme=\"light\"><\/div>\r\n\t\r\n\t\r\n<\/div>\n<div id=\"frm_field_6_container\" class=\"frm_form_field form-field \">\r\n\t<div class=\"frm_submit frm_flex\">\r\n<button class=\"frm_button_submit\" type=\"submit\"  >Envoyer (Send\/Enviar)<\/button>\r\n\r\n\r\n\r\n<\/div>\r\n<\/div>\n\t<input type=\"hidden\" name=\"item_key\" value=\"\" \/>\n\t\t\t<div id=\"frm_field_27_container\">\n\t\t\t<label for=\"field_wemdg\" >\n\t\t\t\tSi eres humano, deja este campo en blanco.\t\t\t<\/label>\n\t\t\t<input  id=\"field_wemdg\" type=\"text\" class=\"frm_form_field form-field frm_verify\" name=\"item_meta[27]\" value=\"\"  \/>\n\t\t<\/div>\n\t\t<input name=\"frm_state\" type=\"hidden\" value=\"k+GuZoheJlUCP+soV1rnfo2R+sABDPq6ylmI\/quOp9M=\" \/><\/div>\n<\/fieldset>\n<\/div>\n\n<\/form>\n<\/div>\n[\/vc_column_text][\/vc_column][\/vc_row]<\/p>\n<\/div>","protected":false},"excerpt":{"rendered":"<p>[vc_row][vc_column css=\u00bb.vc_custom_1746794228285{padding-top: 100px !important;}\u00bb][vc_row_inner][vc_column_inner width=\u00bb1\/2&#8243;][vc_column_text css=\u00bb\u00bb el_class=\u00bblarge margin-top-10&#8243;] Holis\u00e9a se asocia con profesionales del bienestar, la salud y la belleza en toda Europa para hacer accesibles sus soluciones innovadoras de oxigenaci\u00f3n celular y regeneraci\u00f3n natural. \u00bfDesea probar los beneficios de un ba\u00f1o OxyVita o descubrir los efectos regeneradores de la sauna japonesa de infrarrojo lejano<\/p>\n","protected":false},"author":1,"featured_media":0,"parent":0,"menu_order":0,"comment_status":"closed","ping_status":"closed","template":"","meta":{"footnotes":""},"class_list":["post-4556","page","type-page","status-publish","hentry"],"_links":{"self":[{"href":"https:\/\/holisea.org\/es\/wp-json\/wp\/v2\/pages\/4556","targetHints":{"allow":["GET"]}}],"collection":[{"href":"https:\/\/holisea.org\/es\/wp-json\/wp\/v2\/pages"}],"about":[{"href":"https:\/\/holisea.org\/es\/wp-json\/wp\/v2\/types\/page"}],"author":[{"embeddable":true,"href":"https:\/\/holisea.org\/es\/wp-json\/wp\/v2\/users\/1"}],"replies":[{"embeddable":true,"href":"https:\/\/holisea.org\/es\/wp-json\/wp\/v2\/comments?post=4556"}],"version-history":[{"count":8,"href":"https:\/\/holisea.org\/es\/wp-json\/wp\/v2\/pages\/4556\/revisions"}],"predecessor-version":[{"id":6449,"href":"https:\/\/holisea.org\/es\/wp-json\/wp\/v2\/pages\/4556\/revisions\/6449"}],"wp:attachment":[{"href":"https:\/\/holisea.org\/es\/wp-json\/wp\/v2\/media?parent=4556"}],"curies":[{"name":"wp","href":"https:\/\/api.w.org\/{rel}","templated":true}]}}