{"id":4589,"date":"2018-10-25T11:45:48","date_gmt":"2018-10-25T10:45:48","guid":{"rendered":"https:\/\/holisea.org\/?page_id=4589"},"modified":"2026-02-03T14:38:07","modified_gmt":"2026-02-03T13:38:07","slug":"servicios","status":"publish","type":"page","link":"https:\/\/holisea.org\/es\/servicios\/","title":{"rendered":"Servicios"},"content":{"rendered":"<div class=\"wpb-content-wrapper\"><p>[vc_row top_margin=\u00bbpage-margin-top-section\u00bb][vc_column]<ul class=\"services-list clearfix\"><li class=\"vc_row wpb_row vc_row-fluid\"><ul><li><a href=\"https:\/\/holisea.org\/es\/services\/vital-dome\/\" title=\"Vital D\u00f4me\"><img decoding=\"async\" width=\"474\" height=\"315\" src=\"https:\/\/holisea.org\/wp-content\/uploads\/2018\/10\/vital-dome-7.webp\" class=\"attachment-medium-thumb size-medium-thumb wp-post-image\" alt=\"Vital D\u00f4me\" title=\"\" srcset=\"https:\/\/holisea.org\/wp-content\/uploads\/2018\/10\/vital-dome-7.webp 474w, https:\/\/holisea.org\/wp-content\/uploads\/2018\/10\/vital-dome-7-300x199.webp 300w, https:\/\/holisea.org\/wp-content\/uploads\/2018\/10\/vital-dome-7-390x260.webp 390w, https:\/\/holisea.org\/wp-content\/uploads\/2018\/10\/vital-dome-7-285x190.webp 285w\" sizes=\"(max-width: 474px) 100vw, 474px\" \/><\/a><div class=\"service-details\"><h4><a href=\"https:\/\/holisea.org\/es\/services\/vital-dome\/\" title=\"Vital D\u00f4me\">Vital D\u00f4me<\/a><\/h4><p>El Vital D\u00f4me, o sauna japon\u00e9s, es una tecnolog\u00eda innovadora que utiliza la infraterapia para aportar relajaci\u00f3n y beneficios terap\u00e9uticos. Ayuda a desintoxicar el cuerpo en profundidad<\/p>\n<\/div><\/li><li><a href=\"https:\/\/holisea.org\/es\/services\/banos-oxyvita\/\" title=\"Ba\u00f1os OxyVita\"><img decoding=\"async\" width=\"480\" height=\"320\" src=\"https:\/\/holisea.org\/wp-content\/uploads\/2018\/10\/Bains-en-situation_5-480x320.jpg\" class=\"attachment-medium-thumb size-medium-thumb wp-post-image\" alt=\"Ba\u00f1os OxyVita\" title=\"\" srcset=\"https:\/\/holisea.org\/wp-content\/uploads\/2018\/10\/Bains-en-situation_5-480x320.jpg 480w, https:\/\/holisea.org\/wp-content\/uploads\/2018\/10\/Bains-en-situation_5-300x200.jpg 300w, https:\/\/holisea.org\/wp-content\/uploads\/2018\/10\/Bains-en-situation_5-1024x683.jpg 1024w, https:\/\/holisea.org\/wp-content\/uploads\/2018\/10\/Bains-en-situation_5-768x512.jpg 768w, https:\/\/holisea.org\/wp-content\/uploads\/2018\/10\/Bains-en-situation_5-670x446.jpg 670w, https:\/\/holisea.org\/wp-content\/uploads\/2018\/10\/Bains-en-situation_5-600x400.jpg 600w, https:\/\/holisea.org\/wp-content\/uploads\/2018\/10\/Bains-en-situation_5-390x260.jpg 390w, https:\/\/holisea.org\/wp-content\/uploads\/2018\/10\/Bains-en-situation_5-285x190.jpg 285w, https:\/\/holisea.org\/wp-content\/uploads\/2018\/10\/Bains-en-situation_5.jpg 1536w\" sizes=\"(max-width: 480px) 100vw, 480px\" \/><\/a><div class=\"service-details\"><h4><a href=\"https:\/\/holisea.org\/es\/services\/banos-oxyvita\/\" title=\"Ba\u00f1os OxyVita\">Ba\u00f1os OxyVita<\/a><\/h4><p>Los ba\u00f1os OxyVita ofrecen una inmersi\u00f3n \u00fanica en un agua altamente enriquecida con ox\u00edgeno, que favorece la regeneraci\u00f3n celular y la revitalizaci\u00f3n del organismo.<\/p>\n<\/div><\/li><li><a href=\"https:\/\/holisea.org\/es\/services\/agua-oxyvita\/\" title=\"Agua OxyVita\"><img decoding=\"async\" width=\"480\" height=\"320\" src=\"https:\/\/holisea.org\/wp-content\/uploads\/2026\/01\/oxyvita-480x320.webp\" class=\"attachment-medium-thumb size-medium-thumb wp-post-image\" alt=\"Agua OxyVita\" title=\"\" srcset=\"https:\/\/holisea.org\/wp-content\/uploads\/2026\/01\/oxyvita-480x320.webp 480w, https:\/\/holisea.org\/wp-content\/uploads\/2026\/01\/oxyvita-670x446.webp 670w, https:\/\/holisea.org\/wp-content\/uploads\/2026\/01\/oxyvita-600x400.webp 600w, https:\/\/holisea.org\/wp-content\/uploads\/2026\/01\/oxyvita-390x260.webp 390w, https:\/\/holisea.org\/wp-content\/uploads\/2026\/01\/oxyvita-285x190.webp 285w\" sizes=\"(max-width: 480px) 100vw, 480px\" \/><\/a><div class=\"service-details\"><h4><a href=\"https:\/\/holisea.org\/es\/services\/agua-oxyvita\/\" title=\"Agua OxyVita\">Agua OxyVita<\/a><\/h4><p>El agua OxyVita es el resultado de una tecnolog\u00eda compleja y diferente a la utilizada en la producci\u00f3n de cualquier otra agua rica en ox\u00edgeno<\/p>\n<\/div><\/li><\/ul><\/li><li class=\"vc_row wpb_row vc_row-fluid\"><ul><li><a href=\"https:\/\/holisea.org\/es\/services\/las-gafas-psio\/\" title=\"Gafas PSIO\"><img decoding=\"async\" width=\"480\" height=\"320\" src=\"https:\/\/holisea.org\/wp-content\/uploads\/2018\/10\/lunettes-psio-5-480x320.webp\" class=\"attachment-medium-thumb size-medium-thumb wp-post-image\" alt=\"Gafas PSIO\" title=\"\" srcset=\"https:\/\/holisea.org\/wp-content\/uploads\/2018\/10\/lunettes-psio-5-480x320.webp 480w, https:\/\/holisea.org\/wp-content\/uploads\/2018\/10\/lunettes-psio-5-670x446.webp 670w, https:\/\/holisea.org\/wp-content\/uploads\/2018\/10\/lunettes-psio-5-600x400.webp 600w, https:\/\/holisea.org\/wp-content\/uploads\/2018\/10\/lunettes-psio-5-390x260.webp 390w, https:\/\/holisea.org\/wp-content\/uploads\/2018\/10\/lunettes-psio-5-285x190.webp 285w\" sizes=\"(max-width: 480px) 100vw, 480px\" \/><\/a><div class=\"service-details\"><h4><a href=\"https:\/\/holisea.org\/es\/services\/las-gafas-psio\/\" title=\"Gafas PSIO\">Gafas PSIO<\/a><\/h4><p>Las Gafas PSIO combinan luminoterapia y relajaci\u00f3n auditiva para promover un bienestar integral.<\/p>\n<\/div><\/li><li><a href=\"https:\/\/holisea.org\/es\/services\/sillon-vibroacustico-psio\/\" title=\"Sill\u00f3n vibroac\u00fastico PSIO\"><img decoding=\"async\" width=\"480\" height=\"320\" src=\"https:\/\/holisea.org\/wp-content\/uploads\/2018\/10\/fauteuil-psio-1-480x320.webp\" class=\"attachment-medium-thumb size-medium-thumb wp-post-image\" alt=\"Sill\u00f3n vibroac\u00fastico PSIO\" title=\"\" srcset=\"https:\/\/holisea.org\/wp-content\/uploads\/2018\/10\/fauteuil-psio-1-480x320.webp 480w, https:\/\/holisea.org\/wp-content\/uploads\/2018\/10\/fauteuil-psio-1-670x446.webp 670w, https:\/\/holisea.org\/wp-content\/uploads\/2018\/10\/fauteuil-psio-1-600x400.webp 600w, https:\/\/holisea.org\/wp-content\/uploads\/2018\/10\/fauteuil-psio-1-390x260.webp 390w, https:\/\/holisea.org\/wp-content\/uploads\/2018\/10\/fauteuil-psio-1-285x190.webp 285w\" sizes=\"(max-width: 480px) 100vw, 480px\" \/><\/a><div class=\"service-details\"><h4><a href=\"https:\/\/holisea.org\/es\/services\/sillon-vibroacustico-psio\/\" title=\"Sill\u00f3n vibroac\u00fastico PSIO\">Sill\u00f3n vibroac\u00fastico PSIO<\/a><\/h4><p>El sill\u00f3n PSIO vibroac\u00fastico ha sido dise\u00f1ado para nuestro bienestar con sonidos y vibraciones calibrados a 40 Hz.<\/p>\n<\/div><\/li><li><a href=\"https:\/\/holisea.org\/es\/services\/el-bol-dair-jacquier\/\" title=\"El Bol d&#8217;Air Jacquier\"><img decoding=\"async\" width=\"480\" height=\"320\" src=\"https:\/\/holisea.org\/wp-content\/uploads\/2018\/10\/bol-dair-jacquier-3-480x320.webp\" class=\"attachment-medium-thumb size-medium-thumb wp-post-image\" alt=\"El Bol d&#8217;Air Jacquier\" title=\"\" srcset=\"https:\/\/holisea.org\/wp-content\/uploads\/2018\/10\/bol-dair-jacquier-3-480x320.webp 480w, https:\/\/holisea.org\/wp-content\/uploads\/2018\/10\/bol-dair-jacquier-3-670x446.webp 670w, https:\/\/holisea.org\/wp-content\/uploads\/2018\/10\/bol-dair-jacquier-3-600x400.webp 600w, https:\/\/holisea.org\/wp-content\/uploads\/2018\/10\/bol-dair-jacquier-3-390x260.webp 390w, https:\/\/holisea.org\/wp-content\/uploads\/2018\/10\/bol-dair-jacquier-3-285x190.webp 285w\" sizes=\"(max-width: 480px) 100vw, 480px\" \/><\/a><div class=\"service-details\"><h4><a href=\"https:\/\/holisea.org\/es\/services\/el-bol-dair-jacquier\/\" title=\"El Bol d&#8217;Air Jacquier\">El Bol d&#8217;Air Jacquier<\/a><\/h4><p>El Bol d\u2019Air Jacquier mejora la oxigenaci\u00f3n celular al optimizar la asimilaci\u00f3n del ox\u00edgeno por el organismo.<\/p>\n<\/div><\/li><\/ul><\/li><\/ul>[\/vc_column][\/vc_row]<\/p>\n<\/div>","protected":false},"excerpt":{"rendered":"<p>[vc_row top_margin=\u00bbpage-margin-top-section\u00bb][vc_column][\/vc_column][\/vc_row]<\/p>\n","protected":false},"author":1,"featured_media":0,"parent":0,"menu_order":0,"comment_status":"closed","ping_status":"closed","template":"","meta":{"footnotes":""},"class_list":["post-4589","page","type-page","status-publish","hentry"],"_links":{"self":[{"href":"https:\/\/holisea.org\/es\/wp-json\/wp\/v2\/pages\/4589","targetHints":{"allow":["GET"]}}],"collection":[{"href":"https:\/\/holisea.org\/es\/wp-json\/wp\/v2\/pages"}],"about":[{"href":"https:\/\/holisea.org\/es\/wp-json\/wp\/v2\/types\/page"}],"author":[{"embeddable":true,"href":"https:\/\/holisea.org\/es\/wp-json\/wp\/v2\/users\/1"}],"replies":[{"embeddable":true,"href":"https:\/\/holisea.org\/es\/wp-json\/wp\/v2\/comments?post=4589"}],"version-history":[{"count":4,"href":"https:\/\/holisea.org\/es\/wp-json\/wp\/v2\/pages\/4589\/revisions"}],"predecessor-version":[{"id":5954,"href":"https:\/\/holisea.org\/es\/wp-json\/wp\/v2\/pages\/4589\/revisions\/5954"}],"wp:attachment":[{"href":"https:\/\/holisea.org\/es\/wp-json\/wp\/v2\/media?parent=4589"}],"curies":[{"name":"wp","href":"https:\/\/api.w.org\/{rel}","templated":true}]}}