{"id":5101,"date":"2025-05-30T15:52:53","date_gmt":"2025-05-30T14:52:53","guid":{"rendered":"https:\/\/holisea.org\/?page_id=5101"},"modified":"2026-03-31T18:00:17","modified_gmt":"2026-03-31T17:00:17","slug":"avisos-legales","status":"publish","type":"page","link":"https:\/\/holisea.org\/es\/avisos-legales\/","title":{"rendered":"Avisos legales"},"content":{"rendered":"<div class=\"wpb-content-wrapper\"><p>[vc_row][vc_column][vc_column_text css=\u00bb\u00bb]<\/p>\n<h2 id=\"h-propriete-du-site-web\" class=\"wp-block-heading\">Propiedad del sitio web<\/h2>\n<p>El sitio web holisea.org es propiedad de Holisea SL con n\u00famero de registro: L-717972-Z<\/p>\n<ul class=\"wp-block-list\">\n<li><strong data-start=\"149\" data-end=\"165\">Sede social:<\/strong> Carrer de la Sardana, 26 &#8211; AD500 Andorra la Vella<\/li>\n<li><strong data-start=\"218\" data-end=\"241\">Correo electr\u00f3nico:<\/strong> <a class=\"cursor-pointer\" rel=\"noopener\" data-start=\"242\" data-end=\"258\" data-is-last-node=\"\" data-is-only-node=\"\">info@holisea.org<\/a><\/li>\n<\/ul>\n<h2 id=\"h-hebergement-du-site-web\" class=\"wp-block-heading\">Alojamiento del sitio web<\/h2>\n<p>La empresa Infomaniak Network SA, registrada en el registro mercantil del cant\u00f3n de Ginebra con el n\u00ba CH-660.0.059.996-1<\/p>\n<ul class=\"wp-block-list\">\n<li><strong data-start=\"232\" data-end=\"246\">Direcci\u00f3n:<\/strong> Les Acacias, Ginebra, Suiza<\/li>\n<li><strong data-start=\"277\" data-end=\"285\">Tel:<\/strong> +41228203541<\/li>\n<li><strong data-start=\"301\" data-end=\"324\">Correo electr\u00f3nico:<\/strong> <a class=\"cursor-pointer\" rel=\"noopener\" data-start=\"325\" data-end=\"347\">support@infomaniak.com<\/a><\/li>\n<\/ul>\n<h2 id=\"h-createur-concepteur-du-site-web\" class=\"wp-block-heading\">Creador\/Dise\u00f1ador del sitio web<\/h2>\n<p>La empresa Pass Libert\u00e9 SLU, registrada con el n\u00famero 21038<br data-start=\"448\" data-end=\"451\" \/>Agencia web Pass Libert\u00e9<\/p>\n<ul class=\"wp-block-list\">\n<li><strong data-start=\"482\" data-end=\"498\">Sede social:<\/strong> Avinguda Copr\u00edncep de Gaulle 11 \u2013 AD700 Escaldes-Engordany \u2013 Andorra<\/li>\n<li><strong data-start=\"570\" data-end=\"578\">Tel:<\/strong> +44 7458 197792 (Whatsapp)<\/li>\n<li><strong data-start=\"608\" data-end=\"631\">Correo electr\u00f3nico:<\/strong> <a class=\"cursor-pointer\" rel=\"noopener\" data-start=\"632\" data-end=\"657\">teampassliberte@gmail.com<\/a><\/li>\n<\/ul>\n<p><strong>Contenido y derechos de reproducci\u00f3n<\/strong><\/p>\n<p>De acuerdo con las disposiciones legales aplicables, todos los contenidos de este sitio (textos, im\u00e1genes, v\u00eddeos y cualquier medio en general), salvo menci\u00f3n expresa en contrario, est\u00e1n protegidos por derechos de autor.<br data-start=\"929\" data-end=\"932\" \/>La reproducci\u00f3n, incluso parcial, del contenido de las p\u00e1ginas de este sitio sin el consentimiento previo de HOLISEA SL est\u00e1 estrictamente prohibida.<br data-start=\"1081\" data-end=\"1084\" \/>\u00a9 Copyright HOLISEA SL. Todos los derechos reservados.<\/p>\n<p><strong>Protecci\u00f3n de datos<\/strong><\/p>\n<p data-start=\"1145\" data-end=\"1546\">De conformidad con la Ley 15\/2003, de 18 de diciembre, sobre protecci\u00f3n de datos personales, se informa a los usuarios del sitio holisea.org de lo siguiente:<br data-start=\"1328\" data-end=\"1331\" \/>Con el objetivo de ofrecer un mejor servicio y facilitar el uso del sitio, se analiza el n\u00famero de p\u00e1ginas visitadas, el n\u00famero de visitas, as\u00ed como la actividad de los visitantes del sitio y la frecuencia de uso.<\/p>\n<p data-start=\"1548\" data-end=\"2045\">Adem\u00e1s, el sitio ofrece procedimientos de registro de usuarios, contacto, concursos y campa\u00f1as de marketing que recogen datos personales de los usuarios y los integran en el archivo CLIENTES gestionado por HOLISEA SL.<br data-start=\"1765\" data-end=\"1768\" \/>Si el usuario participa en dichos procedimientos, concursos o campa\u00f1as, HOLISEA SL conservar\u00e1 los datos personales solicitados y adoptar\u00e1 las medidas necesarias para evitar su alteraci\u00f3n, p\u00e9rdida, tratamiento o acceso no autorizado, de conformidad con la normativa aplicable.<\/p>\n<p data-start=\"2047\" data-end=\"2288\">En este caso, el usuario podr\u00e1 ejercer sus derechos, en particular los derechos de acceso, rectificaci\u00f3n, oposici\u00f3n y eliminaci\u00f3n de sus datos personales, as\u00ed como el derecho a revocar el consentimiento prestado para la cesi\u00f3n de los mismos.<\/p>\n<p>De conformidad con la <strong data-start=\"2312\" data-end=\"2342\">Ley 12\/2013 de 13 de junio<\/strong>, <strong>que regula el comercio y el comercio electr\u00f3nico, y la Ley 35\/2014 de 27 de noviembre, sobre servicios de confianza<\/strong>, el presente aviso legal indica que <strong data-start=\"2500\" data-end=\"2519\"><a class=\"\" href=\"http:\/\/www.holisea.org\" target=\"_new\" rel=\"noopener\" data-start=\"2502\" data-end=\"2517\">www.holisea.org<\/a><\/strong> es un dominio de la empresa HOLISEA SL, con sede en Carrer de la Sardana, 26, AD500 Andorra la Vella, y correo electr\u00f3nico <a class=\"cursor-pointer\" rel=\"noopener\" data-start=\"2653\" data-end=\"2669\">info@holisea.org<\/a>.<\/p>\n<p>Registrada con el n\u00famero 932699X.<\/p>\n<p>Para m\u00e1s informaci\u00f3n, puede ponerse en contacto para resolver cualquier duda al respecto: <a class=\"cursor-pointer\" rel=\"noopener\" data-start=\"2808\" data-end=\"2824\">info@holisea.org<\/a><\/p>\n<p><strong>Acceso y usuarios<\/strong><\/p>\n<p>Toda persona que acceda al sitio web <a class=\"\" href=\"http:\/\/www.holisea.org\" target=\"_new\" rel=\"noopener\" data-start=\"2894\" data-end=\"2909\">www.holisea.org<\/a> adquiere la condici\u00f3n de USUARIO y acepta, plena y sin reservas, todas las presentes CONDICIONES DE USO.<\/p>\n<p>La prestaci\u00f3n de este servicio es gratuita. No obstante, el acceso a algunos servicios del sitio web de HOLISEA SL puede estar condicionado al registro del USUARIO mediante el formulario de suscripci\u00f3n al bolet\u00edn informativo, que estar\u00e1 disponible, en su caso, para cualquier persona que desee identificarse como USUARIO REGISTRADO.<\/p>\n<p>Cuando el USUARIO deba identificarse como USUARIO REGISTRADO o proporcionar datos personales para poder acceder a uno de los servicios del sitio, la recogida y tratamiento de los datos del USUARIO se regir\u00e1 por las disposiciones recogidas en el apartado de Pol\u00edtica de Privacidad.<\/p>\n<p>El usuario se compromete a utilizar el sitio web, sus servicios y sus contenidos respetando la legislaci\u00f3n vigente, la buena fe, las buenas costumbres y el orden p\u00fablico. Asimismo, queda estrictamente prohibido el uso del sitio web con fines il\u00edcitos o que perjudiquen a HOLISEA SL, a cualquiera de las empresas del grupo o a terceros, que de alg\u00fan modo puedan da\u00f1ar o impedir el buen funcionamiento del sitio web.[\/vc_column_text][\/vc_column][\/vc_row]<\/p>\n<\/div>","protected":false},"excerpt":{"rendered":"<p>[vc_row][vc_column][vc_column_text css=\u00bb\u00bb] Propiedad del sitio web El sitio web holisea.org es propiedad de Holisea SL con n\u00famero de registro: L-717972-Z Sede social: Carrer de la Sardana, 26 &#8211; AD500 Andorra la Vella Correo electr\u00f3nico: info@holisea.org Alojamiento del sitio web La empresa Infomaniak Network SA, registrada en el registro mercantil del cant\u00f3n de Ginebra con el<\/p>\n","protected":false},"author":1,"featured_media":0,"parent":0,"menu_order":0,"comment_status":"closed","ping_status":"closed","template":"","meta":{"footnotes":""},"class_list":["post-5101","page","type-page","status-publish","hentry"],"_links":{"self":[{"href":"https:\/\/holisea.org\/es\/wp-json\/wp\/v2\/pages\/5101","targetHints":{"allow":["GET"]}}],"collection":[{"href":"https:\/\/holisea.org\/es\/wp-json\/wp\/v2\/pages"}],"about":[{"href":"https:\/\/holisea.org\/es\/wp-json\/wp\/v2\/types\/page"}],"author":[{"embeddable":true,"href":"https:\/\/holisea.org\/es\/wp-json\/wp\/v2\/users\/1"}],"replies":[{"embeddable":true,"href":"https:\/\/holisea.org\/es\/wp-json\/wp\/v2\/comments?post=5101"}],"version-history":[{"count":4,"href":"https:\/\/holisea.org\/es\/wp-json\/wp\/v2\/pages\/5101\/revisions"}],"predecessor-version":[{"id":6452,"href":"https:\/\/holisea.org\/es\/wp-json\/wp\/v2\/pages\/5101\/revisions\/6452"}],"wp:attachment":[{"href":"https:\/\/holisea.org\/es\/wp-json\/wp\/v2\/media?parent=5101"}],"curies":[{"name":"wp","href":"https:\/\/api.w.org\/{rel}","templated":true}]}}