{"id":5104,"date":"2025-05-17T16:29:49","date_gmt":"2025-05-17T15:29:49","guid":{"rendered":"https:\/\/holisea.org\/?page_id=5104"},"modified":"2025-06-23T17:16:23","modified_gmt":"2025-06-23T16:16:23","slug":"politica-de-privacidad","status":"publish","type":"page","link":"https:\/\/holisea.org\/es\/politica-de-privacidad\/","title":{"rendered":"Pol\u00edtica de privacidad"},"content":{"rendered":"<div class=\"wpb-content-wrapper\"><p>[vc_row][vc_column][vc_column_text css=\u00bb\u00bb]Gracias por visitar el sitio web de Holisea SL y por tomar conocimiento de su pol\u00edtica de privacidad (en adelante, la Pol\u00edtica).<\/p>\n<p>Al navegar por nuestro sitio web o utilizar nuestros sistemas o servicios, usted reconoce haber le\u00eddo y comprendido esta pol\u00edtica y consiente que sus datos e informaci\u00f3n personal sean tratados de conformidad con la misma, cuando corresponda.<\/p>\n<p>La presente pol\u00edtica de privacidad est\u00e1 compuesta por los siguientes elementos:<\/p>\n<ol>\n<li>Objetivos de la pol\u00edtica de privacidad,<\/li>\n<li>Entrada en vigor,<\/li>\n<li>Modalidades de obtenci\u00f3n del consentimiento,<\/li>\n<li>Objetivos de la recogida de datos,<\/li>\n<li>Finalidades del tratamiento de datos,<\/li>\n<li>Informaci\u00f3n personal recopilada,<\/li>\n<li>Procedimientos de tratamiento utilizados,<\/li>\n<li>Modalidades de acceso y control de la informaci\u00f3n personal,<\/li>\n<li>Compartici\u00f3n y razones para compartir la informaci\u00f3n personal con terceros,<\/li>\n<li>Uso de cookies y tecnolog\u00edas similares,<\/li>\n<li>Conservaci\u00f3n de la informaci\u00f3n personal.<\/li>\n<\/ol>\n<h2>1. Objetivos de la pol\u00edtica de privacidad<\/h2>\n<p>El respeto a la privacidad y la protecci\u00f3n de la informaci\u00f3n personal son esenciales para nosotros, por lo que, mediante esta Pol\u00edtica, pretendemos proteger dichos datos conforme a las leyes vigentes.<\/p>\n<p>Para asegurar esta protecci\u00f3n, Holisea se compromete a recopilar, tratar y compartir informaci\u00f3n que permita identificar a una persona solo cuando esta haya dado su consentimiento, salvo que la ley lo permita o exija, en cuyo caso no ser\u00e1 necesario su consentimiento.<\/p>\n<p>La Pol\u00edtica tiene como objetivo informar a los usuarios sobre las razones y la manera en que Holisea SL o cualquier persona que act\u00fae en su nombre recopilar\u00e1 y usar\u00e1 su informaci\u00f3n personal. Se redacta en lenguaje claro para asegurar un consentimiento informado de los usuarios.<\/p>\n<p>A efectos de esta Pol\u00edtica, se entiende por \u00abinformaci\u00f3n personal\u00bb todos los datos sobre una persona identificable o que permitan identificar a una persona. En la medida de lo posible, anonimizaremos, seudonimizaremos y\/o agregaremos dichos datos para que no identifiquen a una persona.<\/p>\n<h2>2. Modalidades de obtenci\u00f3n del consentimiento:<\/h2>\n<p>Nos comprometemos a obtener un consentimiento antes de recopilar la informaci\u00f3n personal de un individuo. El consentimiento puede ser expl\u00edcito o impl\u00edcito y puede ser proporcionado directamente por la persona o por su representante autorizado.<\/p>\n<p>Preferimos obtener un consentimiento expl\u00edcito, ya sea verbalmente, por v\u00eda electr\u00f3nica o por escrito. Sin embargo, el consentimiento impl\u00edcito puede deducirse razonablemente de la acci\u00f3n o inacci\u00f3n de una persona. Por ejemplo, proporcionar un nombre y una direcci\u00f3n para recibir una publicaci\u00f3n o un nombre y un n\u00famero de tel\u00e9fono para obtener una respuesta a una consulta se considera un consentimiento impl\u00edcito para la recopilaci\u00f3n de informaci\u00f3n que contiene datos personales. Para determinar el tipo de consentimiento adecuado, tomamos en cuenta la sensibilidad de la informaci\u00f3n personal en cuesti\u00f3n, los fines para los cuales se recopila y las expectativas razonables de una persona en una situaci\u00f3n similar.<\/p>\n<p>Si queremos usar la informaci\u00f3n personal para un nuevo fin, describiremos el uso previsto y solicitaremos el consentimiento nuevamente.<\/p>\n<p>No siempre es posible, especialmente en el caso de una solicitud del Estado, obtener el consentimiento de la persona para recopilar, usar o comunicar su informaci\u00f3n personal. Nos comprometemos a no comunicar este tipo de informaci\u00f3n excepto conforme a esta Pol\u00edtica, salvo que la ley nos lo exija o permita.<\/p>\n<h2>3. Objetivos de la recogida de datos<\/h2>\n<p>La informaci\u00f3n que recopilamos lo es conforme a los fines y objetivos establecidos en esta pol\u00edtica de privacidad.<\/p>\n<p>Algunas de las razones por las que recopilamos su informaci\u00f3n personal son:<\/p>\n<ul>\n<li><strong>Para proporcionar productos y servicios:<\/strong> Recopilaremos y trataremos los datos e informaci\u00f3n necesarios para cumplir nuestra misi\u00f3n y obligaciones contractuales.<\/li>\n<li><strong>Para asegurar y mejorar estos productos y servicios:<\/strong> Los datos recogidos durante sus interacciones con nuestros servicios pueden ser usados para analizar y mejorar el funcionamiento de nuestros productos y servicios.<\/li>\n<li><strong>Para desarrollar nuevos productos y servicios, as\u00ed como para inteligencia artificial:<\/strong> Los datos recopilados pueden utilizarse en investigaci\u00f3n y desarrollo para ofrecer nuevos productos y servicios a nuestros usuarios, especialmente mediante publicidad y mensajes de marketing. Adem\u00e1s, los datos recopilados y agregados pueden ser tratados por algoritmos que emplean inteligencia artificial.<\/li>\n<li><strong>Para ofrecer productos y servicios personalizados:<\/strong> La recopilaci\u00f3n y an\u00e1lisis de datos generados por sus interacciones con nuestros servicios nos permite desarrollar productos y servicios relevantes para responder mejor a sus expectativas culturales y de entretenimiento, incluyendo medidas de adaptaci\u00f3n para clientes que las requieran.<\/li>\n<li><strong>Para evaluar el rendimiento de productos y servicios:<\/strong> Recogemos datos para obtener informaci\u00f3n sobre las ventajas y desventajas de nuestros productos y servicios con el fin de evaluarlos y resolver problemas si es necesario, por ejemplo a trav\u00e9s de encuestas. Esto nos permite asegurar la calidad de nuestros productos y servicios y favorecer la gesti\u00f3n de riesgos.<\/li>\n<li data-start=\"1777\" data-end=\"1998\">\n<p data-start=\"1779\" data-end=\"1998\"><strong>Para proteger la privacidad de nuestros usuarios:<\/strong> Los datos recopilados nos permiten verificar la identidad y proteger la privacidad de quienes se comunican con nosotros por tel\u00e9fono, v\u00eda electr\u00f3nica o de otra manera.<\/p>\n<\/li>\n<li><strong>Para cumplir obligaciones legales:<\/strong> Recopilamos datos para satisfacer obligaciones derivadas de leyes, reglamentos o tratados internacionales.<\/li>\n<\/ul>\n<h2>4. Informaci\u00f3n personal recopilada<\/h2>\n<p>Holis\u00e9a SL puede recopilar informaci\u00f3n personal en diversas formas, pero solo lo har\u00e1 por medios l\u00edcitos y \u00fanicamente para los fines necesarios que se le hayan comunicado, como se describe en esta Pol\u00edtica o cuando la ley lo permita o exija.<\/p>\n<p>La informaci\u00f3n personal recopilada, as\u00ed como su sensibilidad, puede variar seg\u00fan el contexto de las interacciones entre usted y Holis\u00e9a SL. Por eso, primero le informamos sobre la naturaleza de los datos personales que usamos.<\/p>\n<p>Protegemos toda la informaci\u00f3n personal recogida. Entre los datos personales que podemos recoger y usar, prestamos especial atenci\u00f3n a:<\/p>\n<p><strong>Nombre y datos de contacto:<\/strong> nombre y apellido, direcci\u00f3n de correo electr\u00f3nico, direcci\u00f3n postal, n\u00famero telef\u00f3nico y otros datos similares para comunicarnos con usted.<\/p>\n<p><strong>Pruebas de identidad:<\/strong> contrase\u00f1as, pistas de contrase\u00f1a y otros datos de seguridad similares para identificarle y acceder a su cuenta.<\/p>\n<p><strong>Datos demogr\u00e1ficos:<\/strong> informaci\u00f3n como edad, sexo, pa\u00eds y lengua de comunicaci\u00f3n.<\/p>\n<p><strong>Datos de pago:<\/strong> informaci\u00f3n necesaria para procesar pagos, como el n\u00famero de su tarjeta de cr\u00e9dito y el c\u00f3digo de seguridad asociado.<\/p>\n<p><strong>Datos sobre suscripciones:<\/strong> informaci\u00f3n sobre suscripciones a eventos culturales y boletines informativos de compa\u00f1\u00edas culturales.<\/p>\n<p><strong>Im\u00e1genes y sonidos:<\/strong> datos audiovisuales para garantizar la seguridad de los usuarios, especialmente en lugares donde se realizan eventos culturales que organizamos o alojamos.<\/p>\n<p><strong>Interacciones:<\/strong> datos relacionados con el uso de nuestros sitios web, plataformas y herramientas. Esto incluye datos que usted proporciona para usar productos y, en otros casos, como reportes de errores, datos que generamos.<\/p>\n<p>Otros ejemplos de datos sobre interacciones que recogemos incluyen:<\/p>\n<ul>\n<li><strong>Datos sobre sitios visitados y uso<\/strong>. Por ejemplo:\n<ul>\n<li data-start=\"3999\" data-end=\"4100\">\n<p data-start=\"4001\" data-end=\"4100\"><strong>Pagos e historial de cuenta:<\/strong> datos sobre art\u00edculos comprados y actividades asociadas a su cuenta.<\/p>\n<\/li>\n<li data-start=\"4103\" data-end=\"4289\">\n<p data-start=\"4105\" data-end=\"4289\"><strong>Resoluci\u00f3n de problemas y datos de ayuda:<\/strong> datos que proporciona al comunicarse con Holis\u00e9a SL para asistencia, incluyendo productos usados y otra informaci\u00f3n para resolver problemas.<\/p>\n<\/li>\n<\/ul>\n<\/li>\n<li><strong>Intereses y preferencias:<\/strong> datos sobre sus intereses y preferencias, como artistas o estilos musicales, tipos de exposiciones o eventos culturales que le interesan, ciudades a las que est\u00e1 dispuesto a acudir, etc. Adem\u00e1s de la informaci\u00f3n que usted proporcione expl\u00edcitamente, otros datos recopilados pueden ayudarnos a definir o inferir sus intereses y preferencias.<\/li>\n<li><strong>Datos sobre consumo de contenido:<\/strong> datos sobre contenido multimedia accedido, como televisi\u00f3n, video, m\u00fasica, audio, libros, aplicaciones y juegos a trav\u00e9s de nuestros productos.<\/li>\n<li><strong>B\u00fasquedas y pedidos:<\/strong> consultas de b\u00fasqueda y pedidos realizados en nuestro sitio web.<\/li>\n<li><strong>Datos textuales, de entrada y manuscritos:<\/strong> datos textuales y manuscritos, junto con cualquier informaci\u00f3n relacionada.<\/li>\n<li><strong>Datos de localizaci\u00f3n:<\/strong> datos precisos o no sobre la ubicaci\u00f3n de su dispositivo, como la direcci\u00f3n IP o datos menos precisos indicados en su perfil, por ejemplo nombre de ciudad o c\u00f3digo postal.<\/li>\n<li><strong>Otros datos:<\/strong> otros datos proporcionados al usar nuestro sitio, incluyendo datos de Google Analytics.<\/li>\n<\/ul>\n<h2>5. Finalidades del tratamiento de los datos<\/h2>\n<p><strong data-start=\"98\" data-end=\"145\">Proporcionar nuestros productos y servicios<\/strong>: Usamos los datos para operar nuestros productos y servicios, as\u00ed como para brindarle experiencias ricas e interactivas.<\/p>\n<p>Por ejemplo, para asesorar mejor a nuestros prospectos y clientes seg\u00fan su perfil y preferencias en innovaciones tecnol\u00f3gicas y bienestar.<\/p>\n<p><strong data-start=\"411\" data-end=\"448\">Mejora de productos y\/o servicios<\/strong>: Utilizamos los datos para mejorar nuestros productos, a\u00f1adiendo nuevas funcionalidades o capacidades (como informes de error al comprar una entrada o consultar un programa en l\u00ednea).<\/p>\n<p><strong data-start=\"636\" data-end=\"655\">Personalizaci\u00f3n<\/strong>: Algunos productos incluyen funciones personalizadas, tales como recomendaciones que optimizan su experiencia y satisfacci\u00f3n. Estas funciones usan procesos automatizados para adaptar su experiencia en funci\u00f3n de los datos que tenemos sobre usted, como deducciones basadas en su uso del producto, actividades, intereses y ubicaci\u00f3n.<\/p>\n<p><strong data-start=\"991\" data-end=\"1032\">Desarrollo de productos y\/o servicios<\/strong>: Usamos datos para desarrollar nuevos productos. Por ejemplo, usamos datos personales que anonimizamos o seudonimizamos para entender mejor las necesidades de nuestros clientes.<\/p>\n<p><strong data-start=\"1214\" data-end=\"1237\">Atenci\u00f3n al cliente<\/strong>: Usamos los datos para diagnosticar y resolver problemas relacionados con productos y\/o servicios, restaurar el acceso a su cuenta personal y proporcionar otros servicios de soporte.<\/p>\n<p><strong data-start=\"1424\" data-end=\"1479\">Contribuir a la seguridad y resoluci\u00f3n de problemas<\/strong>: Utilizamos datos para garantizar la seguridad y resolver problemas de nuestros productos y servicios. Esto incluye detectar malware y actividades maliciosas, resolver problemas de rendimiento y compatibilidad para mejorar la experiencia del cliente, e informar sobre actualizaciones de productos y servicios. Puede incluir sistemas autom\u00e1ticos para detectar problemas de seguridad.<\/p>\n<p><strong data-start=\"1866\" data-end=\"1879\">Seguridad<\/strong>: Usamos los datos para proteger la seguridad de nuestros productos y clientes. Las funcionalidades de seguridad pueden bloquear software malicioso, alertar a los usuarios sobre detecci\u00f3n de malware en sus dispositivos o emplear videovigilancia para asegurar la seguridad p\u00fablica durante eventos.<\/p>\n<p><strong data-start=\"2179\" data-end=\"2223\">Encuestas y comunicaciones promocionales<\/strong>: Utilizamos los datos para enviar encuestas y comunicaciones promocionales. Usted puede suscribirse a boletines electr\u00f3nicos, responder encuestas y elegir si desea recibir comunicaciones promocionales de Holis\u00e9a SL por email, SMS, correo postal y tel\u00e9fono. Para m\u00e1s informaci\u00f3n sobre c\u00f3mo gestionar sus datos y suscripciones, consulte la secci\u00f3n correspondiente de esta pol\u00edtica.<\/p>\n<p><strong data-start=\"2607\" data-end=\"2629\">Ofertas relevantes<\/strong>: Holis\u00e9a SL usa los datos para proporcionarle informaci\u00f3n relevante sobre productos y servicios. Analizamos datos de diferentes fuentes para predecir qu\u00e9 informaci\u00f3n ser\u00e1 de mayor inter\u00e9s para usted y comunic\u00e1rsela por distintos medios. Por ejemplo, podemos predecir sus intereses en espect\u00e1culos y sugerirle nuevas actividades que podr\u00edan gustarle.<\/p>\n<p><strong data-start=\"2983\" data-end=\"2997\">Publicidad<\/strong>: Holis\u00e9a SL usa los datos recogidos en interacciones con usted, algunos de nuestros productos y sitios web de terceros para anunciar nuestros productos y servicios, tambi\u00e9n en sitios de terceros. A veces usamos procesos automatizados para hacer que los anuncios sean m\u00e1s relevantes.<\/p>\n<p><strong data-start=\"3284\" data-end=\"3313\">Transacciones comerciales<\/strong>: Usamos los datos para procesar sus transacciones con nosotros. Por ejemplo, procesamos informaci\u00f3n de pago para proveer suscripciones y usamos sus datos de contacto para entregar productos comprados en nuestras tiendas o taquillas online.<\/p>\n<p><strong data-start=\"3557\" data-end=\"3607\">Creaci\u00f3n de informes y operaciones comerciales<\/strong>: Usamos datos para analizar operaciones y mejorar la toma de decisiones. Esto nos permite tomar decisiones informadas y elaborar informes sobre el desempe\u00f1o de nuestras actividades.<\/p>\n<p><strong data-start=\"3793\" data-end=\"3831\">Protecci\u00f3n de derechos y propiedad<\/strong>: Usamos datos para detectar y prevenir fraudes, resolver disputas, ejecutar contratos y proteger nuestra propiedad. Por ejemplo, verificamos la validez de las entradas vendidas para evitar fraudes. Podemos usar procesos autom\u00e1ticos para detectar y detener actividades que violen nuestros derechos o los de terceros.<\/p>\n<p><strong data-start=\"4151\" data-end=\"4173\">Cumplimiento legal<\/strong>: Tratamos datos para cumplir la ley. Por ejemplo, usamos la edad de nuestros clientes para asegurar el cumplimiento de la protecci\u00f3n de la privacidad infantil o para garantizar que un cliente cumple la edad recomendada para una audiencia. Tambi\u00e9n tratamos datos de contacto e identificadores para ayudar a los clientes a ejercer sus derechos en protecci\u00f3n de datos.<\/p>\n<p><strong data-start=\"4543\" data-end=\"4560\">Investigaci\u00f3n<\/strong>: Usamos datos para realizar investigaciones, incluyendo fines cient\u00edficos y de inter\u00e9s p\u00fablico, cuando la ley lo permite.<\/p>\n<h2>6. Los procedimientos de tratamiento utilizados<\/h2>\n<p>Holis\u00e9a SL concede la mayor importancia a la seguridad de su informaci\u00f3n personal y se compromete a tratarla conforme a las normas y est\u00e1ndares del sector, \u00fanicamente para los fines para los cuales ha sido recopilada, tal como se describe en esta Pol\u00edtica o en un aviso espec\u00edfico al respecto. No obstante, la seguridad absoluta de esta informaci\u00f3n es imposible debido a las limitaciones inherentes a la transmisi\u00f3n por Internet. Por tanto, la informaci\u00f3n que nos sea transmitida lo ser\u00e1, en \u00faltima instancia, bajo la responsabilidad y el riesgo del usuario.<\/p>\n<h2>7. Modalidades de acceso y control de la informaci\u00f3n personal<\/h2>\n<p>Holis\u00e9a SL se asegura de que toda la informaci\u00f3n personal que posee sea tan precisa, actualizada y completa como sea necesario para los fines para los cuales se utiliza.<\/p>\n<p>Usted tiene derecho a solicitar acceso a su informaci\u00f3n personal con fines de verificaci\u00f3n y a solicitar su correcci\u00f3n si es inexacta. Si considera que su informaci\u00f3n personal es incorrecta o desea acceder a ella, puede presentar una solicitud utilizando los datos de contacto proporcionados al final de esta Pol\u00edtica.<\/p>\n<p>En la medida de nuestras posibilidades, le proporcionaremos acceso a su informaci\u00f3n personal en un plazo razonable. Sin embargo, por motivos de seguridad, es posible que necesitemos verificar su identidad.<\/p>\n<p>Adem\u00e1s, puede haber circunstancias en las que no podamos darle acceso a su informaci\u00f3n personal. Por ejemplo, cuando dicho acceso pueda revelar informaci\u00f3n personal de otra persona y esta no consienta su divulgaci\u00f3n, o cuando existan restricciones legales. En tal caso, le informaremos de la raz\u00f3n por la cual no podemos proporcionarle acceso.<\/p>\n<p>Si su solicitud se refiere a datos presentes en p\u00e1ginas web o plataformas de terceros, deber\u00e1 contactar directamente con dichos terceros.<\/p>\n<h2>8. Compartici\u00f3n y motivos para compartir informaci\u00f3n personal con terceros<\/h2>\n<p>No compartimos su informaci\u00f3n personal con empresas, organizaciones ni personas ajenas a Holis\u00e9a SL, salvo con nuestros proveedores y socios autorizados que necesitan acceder a dicha informaci\u00f3n para los fines descritos en esta Pol\u00edtica, y dentro de sus l\u00edmites, as\u00ed como en los siguientes casos:<\/p>\n<ul>\n<li>Con su consentimiento.<\/li>\n<li>Para el almacenamiento en servidores en la nube, en cuyo caso la informaci\u00f3n personal podr\u00eda circular por jurisdicciones de terceros pa\u00edses. Tenga en cuenta que solo utilizamos servicios de empresas de renombre con pol\u00edticas de privacidad adecuadas.<\/li>\n<li>Para necesidades de tratamiento externo: Transmitimos informaci\u00f3n personal a otras empresas o personas de confianza que la procesan en nuestro nombre, de acuerdo con nuestras instrucciones, conforme a esta Pol\u00edtica de privacidad, con un nivel de seguridad de datos al menos equivalente al nuestro y respetando todas las medidas de seguridad y confidencialidad adecuadas.<\/li>\n<\/ul>\n<p>En particular, utilizamos los servicios de proveedores externos para mutualizar, limpiar y analizar datos en el sector cultural, con el fin de valorarlos y desarrollar herramientas que beneficien al p\u00fablico o a los actores del sector. Para ello, los proveedores tratan la informaci\u00f3n de la siguiente manera:<\/p>\n<p>Los datos se preparan y clasifican para poder ser utilizados.<\/p>\n<p>A partir de esos datos, el proveedor crea estad\u00edsticas globales que contienen informaci\u00f3n general y no personal, a veces combinada con datos de fuentes similares. Estas estad\u00edsticas permiten realizar an\u00e1lisis globales como estudios de procedencia (principalmente por c\u00f3digo postal), an\u00e1lisis de estacionalidad o an\u00e1lisis de precios (tipo \u201ccesta de compra\u201d).<\/p>\n<p>Estos datos son enriquecidos mediante dos procesos diferentes. El primero consiste en el uso de datos de acceso libre, como los datos sociodemogr\u00e1ficos del censo vinculados al c\u00f3digo postal. El segundo proceso es el enriquecimiento por inferencia, que consiste, por ejemplo, en deducir que una persona tiene menos de 25 a\u00f1os si ha comprado una entrada con tarifa \u00abmenores de 25 a\u00f1os\u00bb.<\/p>\n<ul>\n<li><strong data-start=\"4083\" data-end=\"4106\">Por razones legales<\/strong>: Transmitimos informaci\u00f3n personal fuera de nuestra empresa si el acceso a estos datos es necesario para cumplir con las leyes y reglamentos vigentes.<\/li>\n<\/ul>\n<p>Holis\u00e9a SL se compromete a no vender ni alquilar su informaci\u00f3n personal a terceros.<\/p>\n<h2>9. Cookies y tecnolog\u00edas similares<\/h2>\n<p data-start=\"4387\" data-end=\"4852\">Holis\u00e9a SL puede utilizar cookies, balizas web, p\u00edxeles invisibles, archivos de registro u otras tecnolog\u00edas para recopilar cierta informaci\u00f3n personal relativa a los visitantes de nuestros sitios web, as\u00ed como de los destinatarios de nuestros boletines, invitaciones y otras comunicaciones. Las cookies son elementos de informaci\u00f3n enviados por el servidor al navegador durante una visita al sitio web, que permiten identificar de forma \u00fanica la sesi\u00f3n en curso. Estos datos pueden incluir informaci\u00f3n como su direcci\u00f3n IP, tipo de navegador, versi\u00f3n del navegador, p\u00e1ginas de nuestro sitio que visita, hora y fecha de la visita, duraci\u00f3n de la visita y otras estad\u00edsticas.<\/p>\n<p>Las cookies se utilizan especialmente para recuperar el historial de b\u00fasqueda y los carritos (por ejemplo, la compra de entradas) vinculados a la sesi\u00f3n, con el fin de facilitar la experiencia de navegaci\u00f3n del usuario. Es importante saber que activar la opci\u00f3n de cookies puede permitir, dependiendo de la configuraci\u00f3n, que otros servidores instalen cookies en su sistema. Puede configurar su navegador para que le notifique la presencia de cookies y le permita aceptarlas o no.<\/p>\n<p>Tenga en cuenta que nuestro sitio web puede contener enlaces o referencias a sitios de terceros. Esta pol\u00edtica deja de aplicarse en el momento en que abandona nuestro sitio web, y Holis\u00e9a SL no se hace responsable de la recopilaci\u00f3n o tratamiento de informaci\u00f3n personal por parte de dichos terceros o a trav\u00e9s de fuentes externas.<\/p>\n<h2>10. Conservaci\u00f3n de la informaci\u00f3n personal<\/h2>\n<p>Holis\u00e9a SL conserva los datos recopilados durante distintos per\u00edodos de tiempo, seg\u00fan su naturaleza y su utilidad para la prestaci\u00f3n de nuestros productos y servicios. Durante el per\u00edodo de conservaci\u00f3n, Holis\u00e9a SL adopta medidas f\u00edsicas y t\u00e9cnicas para garantizar la seguridad de los datos que contienen informaci\u00f3n personal.<\/p>\n<p>Los principales lugares donde se conserva la informaci\u00f3n personal son las ciudades en las que Holis\u00e9a SL tiene oficinas o instalaciones, y las ciudades donde Infomaniak tiene servidores con los datos recogidos por Holis\u00e9a SL.<\/p>\n<p>La informaci\u00f3n personal puede almacenarse fuera del pa\u00eds en el que usted reside, si un proveedor externo u otra entidad a la que divulguemos datos personales de conformidad con esta Pol\u00edtica se encuentra en el extranjero. En tales casos, la informaci\u00f3n personal puede estar sujeta a las leyes locales de esos pa\u00edses o territorios, y las autoridades gubernamentales o de cumplimiento de la ley pueden tener acceso a ella.<\/p>\n<p>Una vez transcurrido el per\u00edodo de conservaci\u00f3n, la informaci\u00f3n personal es destruida. Solo se conservar\u00e1n estad\u00edsticas o informes que contengan datos despersonalizados y anonimizados durante per\u00edodos prolongados.<\/p>\n<h2>Otras informaciones<\/h2>\n<p>Modificaciones de estas reglas:<\/p>\n<p>Modificamos esta Pol\u00edtica de privacidad ocasionalmente. Cualquier reducci\u00f3n de sus derechos seg\u00fan esta Pol\u00edtica no se aplicar\u00e1 sin su consentimiento expl\u00edcito. Siempre indicamos la fecha de la \u00faltima actualizaci\u00f3n y le permitimos acceder a <a href=\"https:\/\/policies.google.com\/privacy\/archive?hl=fr\" target=\"_blank\" rel=\"noopener\">versiones archivadas<\/a> para su consulta. Si los cambios son significativos, publicaremos un aviso destacado en nuestro sitio web (incluso, para algunos servicios, mediante notificaci\u00f3n por correo electr\u00f3nico).[\/vc_column_text][\/vc_column][\/vc_row]<\/p>\n<\/div>","protected":false},"excerpt":{"rendered":"<p>[vc_row][vc_column][vc_column_text css=\u00bb\u00bb]Gracias por visitar el sitio web de Holisea SL y por tomar conocimiento de su pol\u00edtica de privacidad (en adelante, la Pol\u00edtica). Al navegar por nuestro sitio web o utilizar nuestros sistemas o servicios, usted reconoce haber le\u00eddo y comprendido esta pol\u00edtica y consiente que sus datos e informaci\u00f3n personal sean tratados de conformidad<\/p>\n","protected":false},"author":1,"featured_media":0,"parent":0,"menu_order":0,"comment_status":"closed","ping_status":"closed","template":"","meta":{"footnotes":""},"class_list":["post-5104","page","type-page","status-publish","hentry"],"_links":{"self":[{"href":"https:\/\/holisea.org\/es\/wp-json\/wp\/v2\/pages\/5104","targetHints":{"allow":["GET"]}}],"collection":[{"href":"https:\/\/holisea.org\/es\/wp-json\/wp\/v2\/pages"}],"about":[{"href":"https:\/\/holisea.org\/es\/wp-json\/wp\/v2\/types\/page"}],"author":[{"embeddable":true,"href":"https:\/\/holisea.org\/es\/wp-json\/wp\/v2\/users\/1"}],"replies":[{"embeddable":true,"href":"https:\/\/holisea.org\/es\/wp-json\/wp\/v2\/comments?post=5104"}],"version-history":[{"count":5,"href":"https:\/\/holisea.org\/es\/wp-json\/wp\/v2\/pages\/5104\/revisions"}],"predecessor-version":[{"id":5110,"href":"https:\/\/holisea.org\/es\/wp-json\/wp\/v2\/pages\/5104\/revisions\/5110"}],"wp:attachment":[{"href":"https:\/\/holisea.org\/es\/wp-json\/wp\/v2\/media?parent=5104"}],"curies":[{"name":"wp","href":"https:\/\/api.w.org\/{rel}","templated":true}]}}