{"id":5275,"date":"2025-10-22T10:48:18","date_gmt":"2025-10-22T09:48:18","guid":{"rendered":"https:\/\/holisea.org\/?page_id=5275"},"modified":"2026-04-01T09:28:54","modified_gmt":"2026-04-01T08:28:54","slug":"disclaimer","status":"publish","type":"page","link":"https:\/\/holisea.org\/es\/disclaimer\/","title":{"rendered":"Disclaimer"},"content":{"rendered":"<div class=\"wpb-content-wrapper\"><p>[vc_row][vc_column][vc_column_text css=\u00bb\u00bb]<\/p>\n<p data-start=\"0\" data-end=\"273\"><strong data-start=\"0\" data-end=\"27\">Aviso m\u00e9dico importante<\/strong><br data-start=\"27\" data-end=\"30\" \/>La informaci\u00f3n, consejos, programas y contenidos ofrecidos en el sitio holisea.org por Holisea SL tienen un car\u00e1cter informativo y educativo en el \u00e1mbito del bienestar y no constituyen en ning\u00fan caso una opini\u00f3n, consulta o diagn\u00f3stico m\u00e9dico.<\/p>\n<p data-start=\"275\" data-end=\"612\">Los contenidos presentes en este sitio no pueden sustituir en ning\u00fan caso una consulta m\u00e9dica, un diagn\u00f3stico m\u00e9dico o un tratamiento m\u00e9dico. Solo un profesional de la salud cualificado (m\u00e9dico, psic\u00f3logo, terapeuta autorizado) est\u00e1 habilitado para realizar un diagn\u00f3stico, prescribir un tratamiento o modificar un tratamiento existente.<\/p>\n<p data-start=\"614\" data-end=\"732\"><strong data-start=\"614\" data-end=\"646\">Consulte siempre a un m\u00e9dico<\/strong><br data-start=\"646\" data-end=\"649\" \/>Es imprescindible consultar a un m\u00e9dico o a un profesional de la salud cualificado:<\/p>\n<ul data-start=\"734\" data-end=\"1077\">\n<li data-section-id=\"1mlet2u\" data-start=\"734\" data-end=\"834\">Antes de comenzar cualquier programa de bienestar, ejercicio o modificaci\u00f3n de su estilo de vida<\/li>\n<li data-section-id=\"q8b8y4\" data-start=\"835\" data-end=\"903\">Si padece una condici\u00f3n m\u00e9dica existente o s\u00edntomas persistentes<\/li>\n<li data-section-id=\"pcski7\" data-start=\"904\" data-end=\"978\">Antes de interrumpir o modificar cualquier tratamiento m\u00e9dico en curso<\/li>\n<li data-section-id=\"1y5izcc\" data-start=\"979\" data-end=\"1039\">En caso de duda sobre su estado de salud f\u00edsico o mental<\/li>\n<li data-section-id=\"7hxdwc\" data-start=\"1040\" data-end=\"1077\">En situaci\u00f3n de emergencia m\u00e9dica<\/li>\n<\/ul>\n<p data-start=\"1079\" data-end=\"1176\">En caso de emergencia m\u00e9dica, contacte inmediatamente con los servicios de emergencia de su pa\u00eds.<\/p>\n<p data-start=\"1178\" data-end=\"1343\"><strong data-start=\"1178\" data-end=\"1219\">Naturaleza de los servicios ofrecidos<\/strong><br data-start=\"1219\" data-end=\"1222\" \/>Holisea SL ofrece informaci\u00f3n, consejos y soluciones en el \u00e1mbito del bienestar general, que pueden incluir, entre otros:<\/p>\n<ul data-start=\"1345\" data-end=\"1573\">\n<li data-section-id=\"164i166\" data-start=\"1345\" data-end=\"1391\">Consejos sobre un estilo de vida saludable<\/li>\n<li data-section-id=\"92qdag\" data-start=\"1392\" data-end=\"1439\">T\u00e9cnicas de relajaci\u00f3n y gesti\u00f3n del estr\u00e9s<\/li>\n<li data-section-id=\"165uvb9\" data-start=\"1440\" data-end=\"1498\">Informaci\u00f3n sobre nutrici\u00f3n y alimentaci\u00f3n equilibrada<\/li>\n<li data-section-id=\"1tug72m\" data-start=\"1499\" data-end=\"1535\">Pr\u00e1cticas de desarrollo personal<\/li>\n<li data-section-id=\"1khfw8j\" data-start=\"1536\" data-end=\"1573\">Enfoques hol\u00edsticos del bienestar<\/li>\n<\/ul>\n<p data-start=\"1575\" data-end=\"1661\">Estos servicios son complementarios y nunca sustituyen un seguimiento m\u00e9dico adecuado.<\/p>\n<p data-start=\"1663\" data-end=\"1698\"><strong data-start=\"1663\" data-end=\"1696\">Limitaci\u00f3n de responsabilidad<\/strong><\/p>\n<p data-start=\"1700\" data-end=\"1885\"><strong data-start=\"1700\" data-end=\"1725\">Uso de la informaci\u00f3n<\/strong><br data-start=\"1725\" data-end=\"1728\" \/>El uso de la informaci\u00f3n y consejos proporcionados en holisea.org se realiza bajo su \u00fanica y exclusiva responsabilidad. Holisea SL no se hace responsable de:<\/p>\n<ul data-start=\"1887\" data-end=\"2180\">\n<li data-section-id=\"oka59u\" data-start=\"1887\" data-end=\"1990\">Las consecuencias directas o indirectas derivadas del uso o mal uso de la informaci\u00f3n proporcionada<\/li>\n<li data-section-id=\"1eaoc1c\" data-start=\"1991\" data-end=\"2097\">Cualquier da\u00f1o, p\u00e9rdida o perjuicio resultante de la aplicaci\u00f3n de los consejos o programas propuestos<\/li>\n<li data-section-id=\"156kg15\" data-start=\"2098\" data-end=\"2180\">Cualquier decisi\u00f3n tomada sobre la base de la informaci\u00f3n presente en el sitio<\/li>\n<\/ul>\n<p data-start=\"2182\" data-end=\"2325\"><strong data-start=\"2182\" data-end=\"2213\">Exactitud de la informaci\u00f3n<\/strong><br data-start=\"2213\" data-end=\"2216\" \/>Aunque nos esforzamos por proporcionar informaci\u00f3n exacta, actualizada y verificada, Holisea SL no garantiza:<\/p>\n<ul data-start=\"2327\" data-end=\"2547\">\n<li data-section-id=\"x2099a\" data-start=\"2327\" data-end=\"2417\">La exhaustividad, exactitud o pertinencia de la informaci\u00f3n para su situaci\u00f3n personal<\/li>\n<li data-section-id=\"1bf6pd0\" data-start=\"2418\" data-end=\"2474\">Que la informaci\u00f3n est\u00e9 libre de errores u omisiones<\/li>\n<li data-section-id=\"1n9mpq4\" data-start=\"2475\" data-end=\"2547\">Que el sitio est\u00e9 accesible de forma permanente y sin interrupciones<\/li>\n<\/ul>\n<p data-start=\"2549\" data-end=\"2602\">La informaci\u00f3n puede ser modificada sin previo aviso.<\/p>\n<p data-start=\"2604\" data-end=\"2834\"><strong data-start=\"2604\" data-end=\"2647\">Ausencia de relaci\u00f3n terapeuta-paciente<\/strong><br data-start=\"2647\" data-end=\"2650\" \/>La consulta del sitio holisea.org y el uso de sus servicios no crean una relaci\u00f3n terapeuta-paciente ni una relaci\u00f3n profesional sanitaria entre usted y Holisea SL o sus colaboradores.<\/p>\n<p data-start=\"2836\" data-end=\"3138\"><strong data-start=\"2836\" data-end=\"2861\">Propiedad intelectual<\/strong><br data-start=\"2861\" data-end=\"2864\" \/>Todos los contenidos presentes en holisea.org (textos, im\u00e1genes, v\u00eddeos, logotipos, gr\u00e1ficos, programas) son propiedad exclusiva de Holisea SL y est\u00e1n protegidos por las leyes de propiedad intelectual. Cualquier reproducci\u00f3n, distribuci\u00f3n o uso no autorizado est\u00e1 prohibido.<\/p>\n<p data-start=\"3140\" data-end=\"3374\"><strong data-start=\"3140\" data-end=\"3160\">Enlaces externos<\/strong><br data-start=\"3160\" data-end=\"3163\" \/>El sitio puede contener enlaces a sitios externos. Holisea SL no ejerce ning\u00fan control sobre dichos sitios y declina toda responsabilidad respecto a su contenido, sus pr\u00e1cticas de privacidad o su disponibilidad.<\/p>\n<p data-start=\"3376\" data-end=\"3638\"><strong data-start=\"3376\" data-end=\"3410\">Protecci\u00f3n de datos personales<\/strong><br data-start=\"3410\" data-end=\"3413\" \/>El tratamiento de sus datos personales se rige por nuestra Pol\u00edtica de Privacidad, conforme al Reglamento General de Protecci\u00f3n de Datos (RGPD). Para m\u00e1s informaci\u00f3n, consulte nuestra p\u00e1gina dedicada a la protecci\u00f3n de datos.<\/p>\n<p data-start=\"3640\" data-end=\"3888\"><strong data-start=\"3640\" data-end=\"3673\">Modificaciones del disclaimer<\/strong><br data-start=\"3673\" data-end=\"3676\" \/>Holisea SL se reserva el derecho de modificar este aviso legal en cualquier momento. La versi\u00f3n m\u00e1s reciente estar\u00e1 siempre disponible en esta p\u00e1gina. La fecha de la \u00faltima actualizaci\u00f3n se indica a continuaci\u00f3n.<\/p>\n<p data-start=\"3890\" data-end=\"4103\"><strong data-start=\"3890\" data-end=\"3915\">Legislaci\u00f3n aplicable<\/strong><br data-start=\"3915\" data-end=\"3918\" \/>Este aviso legal se rige por la legislaci\u00f3n andorrana. En caso de litigio, los tribunales competentes ser\u00e1n los del domicilio social de Holisea SL, salvo disposici\u00f3n legal en contrario.<\/p>\n<p data-start=\"4105\" data-end=\"4198\"><strong data-start=\"4105\" data-end=\"4117\">Contacto<\/strong><br data-start=\"4117\" data-end=\"4120\" \/>Para cualquier consulta relacionada con este aviso legal o nuestros servicios:<\/p>\n<p data-start=\"4200\" data-end=\"4285\">Empresa: Holisea SL<br data-start=\"4219\" data-end=\"4222\" \/>Sitio web: holisea.org<br data-start=\"4244\" data-end=\"4247\" \/>Correo electr\u00f3nico: <a class=\"decorated-link cursor-pointer\" rel=\"noopener\" data-start=\"4267\" data-end=\"4283\">info@holisea.org<\/a><\/p>\n<p data-start=\"4287\" data-end=\"4402\">Al utilizar el sitio holisea.org, usted reconoce haber le\u00eddo, comprendido y aceptado \u00edntegramente este aviso legal.<\/p>\n<p data-start=\"4404\" data-end=\"4440\"><strong data-start=\"4404\" data-end=\"4440\">\u00daltima actualizaci\u00f3n: 16-10-2025<\/strong><\/p>\n<p data-start=\"4442\" data-end=\"4566\" data-is-last-node=\"\" data-is-only-node=\"\"><strong data-start=\"4442\" data-end=\"4470\">Recordatorio importante:<\/strong> En caso de problema de salud, consulte inmediatamente a un profesional de la salud cualificado.<\/p>\n<p>[\/vc_column_text][\/vc_column][\/vc_row]<\/p>\n<\/div>","protected":false},"excerpt":{"rendered":"<p>[vc_row][vc_column][vc_column_text css=\u00bb\u00bb] Aviso m\u00e9dico importanteLa informaci\u00f3n, consejos, programas y contenidos ofrecidos en el sitio holisea.org por Holisea SL tienen un car\u00e1cter informativo y educativo en el \u00e1mbito del bienestar y no constituyen en ning\u00fan caso una opini\u00f3n, consulta o diagn\u00f3stico m\u00e9dico. Los contenidos presentes en este sitio no pueden sustituir en ning\u00fan caso una consulta<\/p>\n","protected":false},"author":1,"featured_media":0,"parent":0,"menu_order":0,"comment_status":"closed","ping_status":"closed","template":"","meta":{"footnotes":""},"class_list":["post-5275","page","type-page","status-publish","hentry"],"_links":{"self":[{"href":"https:\/\/holisea.org\/es\/wp-json\/wp\/v2\/pages\/5275","targetHints":{"allow":["GET"]}}],"collection":[{"href":"https:\/\/holisea.org\/es\/wp-json\/wp\/v2\/pages"}],"about":[{"href":"https:\/\/holisea.org\/es\/wp-json\/wp\/v2\/types\/page"}],"author":[{"embeddable":true,"href":"https:\/\/holisea.org\/es\/wp-json\/wp\/v2\/users\/1"}],"replies":[{"embeddable":true,"href":"https:\/\/holisea.org\/es\/wp-json\/wp\/v2\/comments?post=5275"}],"version-history":[{"count":2,"href":"https:\/\/holisea.org\/es\/wp-json\/wp\/v2\/pages\/5275\/revisions"}],"predecessor-version":[{"id":6457,"href":"https:\/\/holisea.org\/es\/wp-json\/wp\/v2\/pages\/5275\/revisions\/6457"}],"wp:attachment":[{"href":"https:\/\/holisea.org\/es\/wp-json\/wp\/v2\/media?parent=5275"}],"curies":[{"name":"wp","href":"https:\/\/api.w.org\/{rel}","templated":true}]}}